{"id":1125,"date":"2023-04-19T19:14:21","date_gmt":"2023-04-19T16:14:21","guid":{"rendered":"http:\/\/jpgt.upg-ploiesti.ro\/?page_id=1125"},"modified":"2024-11-03T20:53:25","modified_gmt":"2024-11-03T18:53:25","slug":"no-1-2024","status":"publish","type":"page","link":"http:\/\/jpgt.upg-ploiesti.ro\/?page_id=1125","title":{"rendered":"No. 1\/2024"},"content":{"rendered":"<p><a href=\"http:\/\/jpgt.upg-ploiesti.ro\/wp-content\/uploads\/2024\/01\/ROMANIAN-JOURNAL-OF-PETROLEUM-GAS-TECHNOLOGY_cover-No.1_2024.pdf\">ROMANIAN-JOURNAL-OF-PETROLEUM-GAS-TECHNOLOGY_Cover-No.1_2024<\/a><\/p>\n<p><a href=\"http:\/\/jpgt.upg-ploiesti.ro\/wp-content\/uploads\/2024\/07\/Contents_No.1_2024.pdf\">Romanian-Journal-of-Petroleum-Gas-Technology_Contents_No.1_2024<\/a><\/p>\n<p><a href=\"http:\/\/jpgt.upg-ploiesti.ro\/wp-content\/uploads\/2024\/01\/1_RJPGT_vol.5_no.1-2024_Vieru-Carbureanu.pdf\">MACHINE LEARNING METHODS APPLIED IN AIR QUALITY PREDICTION &#8211; Mihai-Claudiu Vieru, M\u0103d\u0103lina C\u0103rbureanu <\/a><a href=\"https:\/\/orcid.org\/0000-0001-8587-7204\" target=\"_blank\" rel=\"noopener\"><img loading=\"lazy\" decoding=\"async\" class=\"alignnone\" src=\"https:\/\/orcid.org\/assets\/vectors\/orcid.logo.icon.svg\" alt=\"orcid logo\" width=\"18\" height=\"18\" \/><\/a><\/p>\n<p><a href=\"http:\/\/jpgt.upg-ploiesti.ro\/wp-content\/uploads\/2024\/01\/2_RJPGT_vol.5_no.1-2024_Okologume-et-al_rev2.pdf\">A MODEL FOR FORECASTING DEW POINT PRESSURE IN NIGER DELTA CONDENSATE RESERVOIRS USING CONSTANT VOLUME DEPLETION TESTS DATA<strong> &#8211; <\/strong>Chukwuka Peace, Ogali Ikechukwu Oscar, Okologume Chinedu Wilfred <\/a><a href=\"https:\/\/orcid.org\/0000-0002-6317-8936\" target=\"_blank\" rel=\"noopener\"><img loading=\"lazy\" decoding=\"async\" src=\"https:\/\/orcid.org\/assets\/vectors\/orcid.logo.icon.svg\" alt=\"orcid logo\" width=\"18\" height=\"18\" \/><\/a><a href=\"http:\/\/jpgt.upg-ploiesti.ro\/wp-content\/uploads\/2024\/01\/2_RJPGT_vol.5_no.1-2024_Okologume-et-al_rev2.pdf\">, Dawaki Adamu<\/a><\/p>\n<p><a href=\"http:\/\/jpgt.upg-ploiesti.ro\/wp-content\/uploads\/2024\/02\/3_Article_Etshekodi_corrected_final.pdf\">INTERPRETATION OF MAGNETIC AND GRAVIMETRIC SIGNATURES IN RELATION TO GEOLOGICAL STRUCTURES OF PETROLEUM INTEREST IN THE WESTERN PART OF THE CENTRAL BASIN OF THE DR CONGO &#8211; Joel Etshekodi Lohadje <\/a><a href=\"https:\/\/orcid.org\/0009-0004-6195-0736\" target=\"_blank\" rel=\"noopener\"><img loading=\"lazy\" decoding=\"async\" class=\"alignnone\" src=\"https:\/\/orcid.org\/assets\/vectors\/orcid.logo.icon.svg\" alt=\"orcid logo\" width=\"18\" height=\"18\" \/><\/a><a href=\"http:\/\/jpgt.upg-ploiesti.ro\/wp-content\/uploads\/2024\/02\/3_Article_Etshekodi_corrected_final.pdf\">, Marlin Agolo Monza<\/a><\/p>\n<p><a href=\"http:\/\/jpgt.upg-ploiesti.ro\/wp-content\/uploads\/2024\/03\/04_Article-on-Reservoir-of-the-Liawenda-field_final.pdf\">FLUID FLOW MODEL BASED ON THE ANALYSIS OF WATER INJECTION DATA IN THE TURONIAN RESERVOIR OF THE LIAWENDA FIELD, OFFSHORE COASTAL BASIN OF D.R. CONGO &#8211; Munene Asidi Djonive <\/a><a href=\"https:\/\/orcid.org\/0009-0006-1640-9216\" target=\"_blank\" rel=\"noopener\"><img loading=\"lazy\" decoding=\"async\" class=\"alignnone\" src=\"https:\/\/orcid.org\/assets\/vectors\/orcid.logo.icon.svg\" alt=\"orcid logo\" width=\"18\" height=\"18\" \/><\/a><a href=\"http:\/\/jpgt.upg-ploiesti.ro\/wp-content\/uploads\/2024\/03\/04_Article-on-Reservoir-of-the-Liawenda-field_final.pdf\">, Kanika Mayena Thomas, Ndjanga Ndjondjo Pierre, Yakubu Jean-Pierre, Mbudi Diambu Shams, Iyolo Lungembo Jean, Kabuya Kalemba Faurysse, Lingwangasa Masaka Reddy, Ahumbila Bozo Patrick<\/a><\/p>\n<p><a href=\"http:\/\/jpgt.upg-ploiesti.ro\/wp-content\/uploads\/2024\/04\/05_Articol-Manea_Bucur_corr_03.2024.pdf\">CYBER-PHYSICAL SYSTEM FOR REMOTE MONITORING AND CONTROL OF A DRINKING WATER NETWORK &#8211; Ciprian Manea, Gabriela Bucur <\/a><a href=\"https:\/\/orcid.org\/0000-0002-4792-5495\" target=\"_blank\" rel=\"noopener\"><img loading=\"lazy\" decoding=\"async\" class=\"alignnone\" src=\"https:\/\/orcid.org\/assets\/vectors\/orcid.logo.icon.svg\" alt=\"orcid logo\" width=\"18\" height=\"18\" \/><\/a><\/p>\n<p><a href=\"http:\/\/jpgt.upg-ploiesti.ro\/wp-content\/uploads\/2024\/05\/06_RJPGT-Simplified-computational-tool-predicting-formation-damage_rev2.pdf\">SIMPLIFIED COMPUTATIONAL TOOL FOR PREDICTING FORMATION DAMAGE IN OIL WELLS &#8211; Okologume Chinedu Wilfred <\/a><a href=\"https:\/\/orcid.org\/0000-0002-6317-8936\" target=\"_blank\" rel=\"noopener\"><img loading=\"lazy\" decoding=\"async\" src=\"https:\/\/orcid.org\/assets\/vectors\/orcid.logo.icon.svg\" alt=\"orcid logo\" width=\"18\" height=\"18\" \/><\/a><a href=\"http:\/\/jpgt.upg-ploiesti.ro\/wp-content\/uploads\/2024\/05\/06_RJPGT-Simplified-computational-tool-predicting-formation-damage_rev2.pdf\">, Shobowale Tolulope Joshua<\/a><\/p>\n<p><a href=\"http:\/\/jpgt.upg-ploiesti.ro\/wp-content\/uploads\/2024\/06\/07_RJPGT-Agolo-article-Corrigerrev1.pdf\">CONTRIBUTION OF SEISMIC AND GEOTHERMAL DATA ANALYSIS TO THE ASSESSMENT OF THE HYDROCARBON POTENTIAL OF THE CENTRAL BASIN OF THE D.R. CONGO &#8211; Marlin Agolo Monza <\/a><a href=\"https:\/\/orcid.org\/0009-0001-2251-0330\" target=\"_blank\" rel=\"noopener\"><img loading=\"lazy\" decoding=\"async\" class=\"alignnone\" src=\"https:\/\/orcid.org\/assets\/vectors\/orcid.logo.icon.svg\" alt=\"orcid logo\" width=\"18\" height=\"18\" \/><\/a><a href=\"http:\/\/jpgt.upg-ploiesti.ro\/wp-content\/uploads\/2024\/06\/07_RJPGT-Agolo-article-Corrigerrev1.pdf\">, Joel Etshekodi Lohadje <\/a><a href=\"https:\/\/orcid.org\/0009-0004-6195-0736\" target=\"_blank\" rel=\"noopener\"><img loading=\"lazy\" decoding=\"async\" class=\"alignnone\" src=\"https:\/\/orcid.org\/assets\/vectors\/orcid.logo.icon.svg\" alt=\"orcid logo\" width=\"18\" height=\"18\" \/><\/a><a href=\"http:\/\/jpgt.upg-ploiesti.ro\/wp-content\/uploads\/2024\/06\/07_RJPGT-Agolo-article-Corrigerrev1.pdf\">, Franck Tondozi Keto, Raphael Matamba Jibikila, N\u00e9h\u00e9mie Bikayi Tshiani <\/a><a href=\"https:\/\/orcid.org\/0009-0005-1071-6795\" target=\"_blank\" rel=\"noopener\"><img loading=\"lazy\" decoding=\"async\" class=\"alignnone\" src=\"https:\/\/orcid.org\/assets\/vectors\/orcid.logo.icon.svg\" alt=\"orcid logo\" width=\"18\" height=\"18\" \/><\/a><\/p>\n<p><a href=\"http:\/\/jpgt.upg-ploiesti.ro\/wp-content\/uploads\/2024\/06\/08_RJPGT_Popa_Maria_art_2024_rev_final.pdf\">DETERMINING THE PERFORMANCE OF A HEAT EXCHANGER USED IN THE FOOD INDUSTRY &#8211; Maria Popa <\/a><a href=\"https:\/\/orcid.org\/0000-0002-4491-6606\" target=\"_blank\" rel=\"noopener\"><img loading=\"lazy\" decoding=\"async\" class=\"alignnone\" src=\"https:\/\/orcid.org\/assets\/vectors\/orcid.logo.icon.svg\" alt=\"orcid logo\" width=\"18\" height=\"18\" \/><\/a><\/p>\n<p><a href=\"http:\/\/jpgt.upg-ploiesti.ro\/wp-content\/uploads\/2024\/06\/09_Water-softening-plants-reduction-Fe-Mn_magnetic-nanobubble-CO2_rev2.pdf\">WATER SOFTENING PLANTS AND REDUCTION OF IRON AND MANGANESE BY MAGNETIC AND NANOBUBBLE CO<sub>2<\/sub> TREATMENT: A TECHNICAL AND APPLICATIVE ANALYSIS &#8211; Dan Ovidiu Cirjan <\/a><a href=\"https:\/\/orcid.org\/0009-0009-5145-7557\" target=\"_blank\" rel=\"noopener\"><img loading=\"lazy\" decoding=\"async\" class=\"alignnone\" src=\"https:\/\/orcid.org\/assets\/vectors\/orcid.logo.icon.svg\" alt=\"orcid logo\" width=\"18\" height=\"18\" \/><\/a><a href=\"http:\/\/jpgt.upg-ploiesti.ro\/wp-content\/uploads\/2024\/06\/09_Water-softening-plants-reduction-Fe-Mn_magnetic-nanobubble-CO2_rev2.pdf\">, Maria Stoicescu<\/a><\/p>\n<p><a href=\"http:\/\/jpgt.upg-ploiesti.ro\/wp-content\/uploads\/2024\/06\/10_RJPGT_AI_Powered_Video_rev.pdf\">ARTIFICIAL INTELLIGENCE \u2013 POWERED VIDEO CONTENT GENERATION TOOLS &#8211; Cosmina Mihaela Ro\u0219ca <\/a><a href=\"https:\/\/orcid.org\/0000-0003-0827-3321\" target=\"_blank\" rel=\"noopener\"><img loading=\"lazy\" decoding=\"async\" class=\"alignnone\" src=\"https:\/\/orcid.org\/assets\/vectors\/orcid.logo.icon.svg\" alt=\"orcid logo\" width=\"18\" height=\"18\" \/><\/a><a href=\"http:\/\/jpgt.upg-ploiesti.ro\/wp-content\/uploads\/2024\/06\/10_RJPGT_AI_Powered_Video_rev.pdf\">, Ionu\u021b Adrian Gortoescu, Marius Radu T\u0103nase<\/a><\/p>\n<p><a href=\"http:\/\/jpgt.upg-ploiesti.ro\/wp-content\/uploads\/2024\/07\/11_RJPGT_Arc-welding-robotic-flexible-cell-simulation_rev.pdf\">ARC WELDING ROBOTIC FLEXIBLE CELL SIMULATION USING ROBOGUIDE SOFTWARE &#8211; Dragos-Lucian Baboi, Julian Andreoiu, Gabriela Bucur<\/a> <a href=\"https:\/\/orcid.org\/0000-0002-4792-5495\" target=\"_blank\" rel=\"noopener\"><img loading=\"lazy\" decoding=\"async\" class=\"alignnone\" src=\"https:\/\/orcid.org\/assets\/vectors\/orcid.logo.icon.svg\" alt=\"orcid logo\" width=\"18\" height=\"18\" \/><\/a><\/p>\n<p><a href=\"http:\/\/jpgt.upg-ploiesti.ro\/wp-content\/uploads\/2024\/07\/12_RJPGT_2024_Integrated-neural-networks-for-road-traffic-efficiency_rev1.pdf\">INTEGRATED CONVOLUTIONAL NEURAL NETWORKS APPLICATION FOR ROAD TRAFFIC EFFICIENCY &#8211; \u0218tefan Liviu-Andrei, C\u0103rbureanu M\u0103d\u0103lina <\/a><a href=\"https:\/\/orcid.org\/0000-0001-8587-7204\" target=\"_blank\" rel=\"noopener\"><img loading=\"lazy\" decoding=\"async\" class=\"alignnone\" src=\"https:\/\/orcid.org\/assets\/vectors\/orcid.logo.icon.svg\" alt=\"orcid logo\" width=\"18\" height=\"18\" \/><\/a><\/p>\n<p><a href=\"http:\/\/jpgt.upg-ploiesti.ro\/wp-content\/uploads\/2024\/07\/13_RJPGT_optimization-Mibale-02-well-Prosper-software-paper_JKK_rev2.pdf\">OPTIMIZATION OF MIB-02 WELL BY CONVERTING THE ACTIVATION MODE USING PROSPER SOFTWARE &#8211; Joel Kabesa Kilungu <\/a><a href=\"https:\/\/orcid.org\/0009-0000-5916-1712\" target=\"_blank\" rel=\"noopener\"><img loading=\"lazy\" decoding=\"async\" class=\"alignnone\" src=\"https:\/\/orcid.org\/assets\/vectors\/orcid.logo.icon.svg\" alt=\"orcid logo\" width=\"18\" height=\"18\" \/><\/a><a href=\"http:\/\/jpgt.upg-ploiesti.ro\/wp-content\/uploads\/2024\/07\/13_RJPGT_optimization-Mibale-02-well-Prosper-software-paper_JKK_rev2.pdf\">, Joseph Lukola Empenga, Dominique Wetshondo Osomba<\/a><\/p>\n<p><a href=\"http:\/\/jpgt.upg-ploiesti.ro\/wp-content\/uploads\/2024\/07\/14_RJPGT-paper-Flexibility-study-pipeline-system-FRP_rev2.pdf\">FLEXIBILITY STUDY OF A PIPELINE SYSTEM IN FIBER-REINFORCED POLYMER &#8211; N\u00e9h\u00e9mie Bikayi Tshiani <\/a><a href=\"https:\/\/orcid.org\/0009-0005-1071-6795\" target=\"_blank\" rel=\"noopener\"><img loading=\"lazy\" decoding=\"async\" class=\"alignnone\" src=\"https:\/\/orcid.org\/assets\/vectors\/orcid.logo.icon.svg\" alt=\"orcid logo\" width=\"18\" height=\"18\" \/><\/a><a href=\"http:\/\/jpgt.upg-ploiesti.ro\/wp-content\/uploads\/2024\/07\/14_RJPGT-paper-Flexibility-study-pipeline-system-FRP_rev2.pdf\">, Samuel Diangitukulu Ndimba, Wassim Meftah, Rachidi Opuluku <\/a><a href=\"https:\/\/orcid.org\/0009-0008-4171-1964\" target=\"_blank\" rel=\"noopener\"><img loading=\"lazy\" decoding=\"async\" class=\"alignnone\" src=\"https:\/\/orcid.org\/assets\/vectors\/orcid.logo.icon.svg\" alt=\"orcid logo\" width=\"18\" height=\"18\" \/><\/a><a href=\"http:\/\/jpgt.upg-ploiesti.ro\/wp-content\/uploads\/2024\/07\/14_RJPGT-paper-Flexibility-study-pipeline-system-FRP_rev2.pdf\">, Patrick Kimpanga<\/a><\/p>\n<p>&nbsp;<\/p>\n","protected":false},"excerpt":{"rendered":"<p>ROMANIAN-JOURNAL-OF-PETROLEUM-GAS-TECHNOLOGY_Cover-No.1_2024 Romanian-Journal-of-Petroleum-Gas-Technology_Contents_No.1_2024 MACHINE LEARNING METHODS APPLIED IN AIR QUALITY PREDICTION &#8211; Mihai-Claudiu Vieru, M\u0103d\u0103lina C\u0103rbureanu A MODEL FOR FORECASTING DEW POINT PRESSURE IN NIGER DELTA CONDENSATE RESERVOIRS USING CONSTANT VOLUME DEPLETION TESTS DATA &#8211; Chukwuka Peace, Ogali Ikechukwu Oscar, Okologume Chinedu Wilfred , Dawaki Adamu INTERPRETATION OF MAGNETIC AND GRAVIMETRIC SIGNATURES IN RELATION TO GEOLOGICAL &hellip; <a href=\"http:\/\/jpgt.upg-ploiesti.ro\/?page_id=1125\">Continue reading <span class=\"meta-nav\">&rarr;<\/span><\/a><\/p>\n","protected":false},"author":4,"featured_media":0,"parent":0,"menu_order":0,"comment_status":"closed","ping_status":"closed","template":"","meta":{"footnotes":""},"class_list":["post-1125","page","type-page","status-publish","hentry"],"_links":{"self":[{"href":"http:\/\/jpgt.upg-ploiesti.ro\/index.php?rest_route=\/wp\/v2\/pages\/1125","targetHints":{"allow":["GET"]}}],"collection":[{"href":"http:\/\/jpgt.upg-ploiesti.ro\/index.php?rest_route=\/wp\/v2\/pages"}],"about":[{"href":"http:\/\/jpgt.upg-ploiesti.ro\/index.php?rest_route=\/wp\/v2\/types\/page"}],"author":[{"embeddable":true,"href":"http:\/\/jpgt.upg-ploiesti.ro\/index.php?rest_route=\/wp\/v2\/users\/4"}],"replies":[{"embeddable":true,"href":"http:\/\/jpgt.upg-ploiesti.ro\/index.php?rest_route=%2Fwp%2Fv2%2Fcomments&post=1125"}],"version-history":[{"count":29,"href":"http:\/\/jpgt.upg-ploiesti.ro\/index.php?rest_route=\/wp\/v2\/pages\/1125\/revisions"}],"predecessor-version":[{"id":2619,"href":"http:\/\/jpgt.upg-ploiesti.ro\/index.php?rest_route=\/wp\/v2\/pages\/1125\/revisions\/2619"}],"wp:attachment":[{"href":"http:\/\/jpgt.upg-ploiesti.ro\/index.php?rest_route=%2Fwp%2Fv2%2Fmedia&parent=1125"}],"curies":[{"name":"wp","href":"https:\/\/api.w.org\/{rel}","templated":true}]}}