{"id":1126,"date":"2023-04-19T19:14:51","date_gmt":"2023-04-19T16:14:51","guid":{"rendered":"http:\/\/jpgt.upg-ploiesti.ro\/?page_id=1126"},"modified":"2024-12-29T15:39:45","modified_gmt":"2024-12-29T13:39:45","slug":"no-2-2024","status":"publish","type":"page","link":"http:\/\/jpgt.upg-ploiesti.ro\/?page_id=1126","title":{"rendered":"No. 2\/2024"},"content":{"rendered":"<p><a href=\"http:\/\/jpgt.upg-ploiesti.ro\/wp-content\/uploads\/2024\/12\/ROMANIAN-JOURNAL-OF-PETROLEUM-GAS-TECHNOLOGY_cover-No.2_2024.pdf\">ROMANIAN-JOURNAL-OF-PETROLEUM-GAS-TECHNOLOGY_cover-No.2_2024<\/a><\/p>\n<p><a href=\"http:\/\/jpgt.upg-ploiesti.ro\/wp-content\/uploads\/2024\/12\/Contents_No.2_2024.pdf\">Romanian-Journal-of-Petroleum-Gas-Technology-Contents_No.2_2024<\/a><\/p>\n<p><a href=\"http:\/\/jpgt.upg-ploiesti.ro\/wp-content\/uploads\/2024\/07\/01_RJPGT_geochemical-phosphate-rocks-Kanzi-Mvuangu-Central-Congo_v4.pdf\">CONTRIBUTION TO THE GEOCHEMICAL STUDY OF KANZI AND MVUANGU PHOSPHATE ROCKS IN THE LEMBA OIL SUB-BASIN OF CENTRAL CONGO &#8211; Deko Oyema Bruno <\/a><a href=\"https:\/\/orcid.org\/0009-0005-7345-2926\" target=\"_blank\" rel=\"noopener\"><img loading=\"lazy\" decoding=\"async\" class=\"alignnone\" src=\"https:\/\/orcid.org\/assets\/vectors\/orcid.logo.icon.svg\" alt=\"orcid logo\" width=\"18\" height=\"18\" \/><\/a><a href=\"http:\/\/jpgt.upg-ploiesti.ro\/wp-content\/uploads\/2024\/07\/01_RJPGT_geochemical-phosphate-rocks-Kanzi-Mvuangu-Central-Congo_v4.pdf\">, Emmanuel Kazinguvu Atibu, Dan Mandjumba Yenor, Dominique Wetshondo Osomba, Loma Wonga Mathias, John Pote Wembonyama <\/a><a href=\"https:\/\/orcid.org\/0000-0003-4091-749X\" target=\"_blank\" rel=\"noopener\"><img loading=\"lazy\" decoding=\"async\" class=\"alignnone\" src=\"https:\/\/orcid.org\/assets\/vectors\/orcid.logo.icon.svg\" alt=\"orcid logo\" width=\"18\" height=\"18\" \/><\/a><\/p>\n<p><a href=\"http:\/\/jpgt.upg-ploiesti.ro\/wp-content\/uploads\/2024\/07\/02_RJPGT-fracture-drainage-hydraulic-fracturing-makelekese-field-Congo_rev4.pdf\">ANALYSIS OF FRACTURE GEOMETRY IN FLUID DRAINAGE AFTER HYDRAULIC FRACTURING. CASE OF WINK MS-09 IN MAKELEKESE FIELD, D.R. CONGO &#8211; Rachidi Opuluku <\/a><a href=\"https:\/\/orcid.org\/0009-0008-4171-1964\" target=\"_blank\" rel=\"noopener\"><img loading=\"lazy\" decoding=\"async\" class=\"alignnone\" src=\"https:\/\/orcid.org\/assets\/vectors\/orcid.logo.icon.svg\" alt=\"orcid logo\" width=\"18\" height=\"18\" \/><\/a><a href=\"http:\/\/jpgt.upg-ploiesti.ro\/wp-content\/uploads\/2024\/07\/02_RJPGT-fracture-drainage-hydraulic-fracturing-makelekese-field-Congo_rev4.pdf\">, Joel Etshekodi Lohadje <\/a><a href=\"https:\/\/orcid.org\/0009-0004-6195-0736\" target=\"_blank\" rel=\"noopener\"><img loading=\"lazy\" decoding=\"async\" class=\"alignnone\" src=\"https:\/\/orcid.org\/assets\/vectors\/orcid.logo.icon.svg\" alt=\"orcid logo\" width=\"18\" height=\"18\" \/><\/a><a href=\"http:\/\/jpgt.upg-ploiesti.ro\/wp-content\/uploads\/2024\/07\/02_RJPGT-fracture-drainage-hydraulic-fracturing-makelekese-field-Congo_rev4.pdf\">, Olivier Kimpesa Dyese <\/a><a href=\"https:\/\/orcid.org\/0009-0004-4617-6789\" target=\"_blank\" rel=\"noopener\"><img loading=\"lazy\" decoding=\"async\" class=\"alignnone\" src=\"https:\/\/orcid.org\/assets\/vectors\/orcid.logo.icon.svg\" alt=\"orcid logo\" width=\"18\" height=\"18\" \/><\/a><a href=\"http:\/\/jpgt.upg-ploiesti.ro\/wp-content\/uploads\/2024\/07\/02_RJPGT-fracture-drainage-hydraulic-fracturing-makelekese-field-Congo_rev4.pdf\">, Gracias Kingombe Manianga, Jean Iyolo Lungembo, Dirk Akili Bihivu<\/a><\/p>\n<p><a href=\"http:\/\/jpgt.upg-ploiesti.ro\/wp-content\/uploads\/2024\/07\/03_RJPGT_Paper_Numerical-simulation-to-determine-behavior-hydrogen-natural-gas-mixture-distribution-networks_rev.pdf\">A NUMERICAL SIMULATION TO DETERMINE THE BEHAVIOR OF THE HYDROGEN-NATURAL GAS MIXTURE IN DISTRIBUTION NETWORKS &#8211; Bogdan Andrei Ionete <\/a><a href=\"https:\/\/orcid.org\/0009-0003-5358-1531\" target=\"_blank\" rel=\"noopener\"><img loading=\"lazy\" decoding=\"async\" class=\"alignnone\" src=\"https:\/\/orcid.org\/assets\/vectors\/orcid.logo.icon.svg\" alt=\"orcid logo\" width=\"18\" height=\"18\" \/><\/a><a href=\"http:\/\/jpgt.upg-ploiesti.ro\/wp-content\/uploads\/2024\/07\/03_RJPGT_Paper_Numerical-simulation-to-determine-behavior-hydrogen-natural-gas-mixture-distribution-networks_rev.pdf\">, Mihai Albulescu, Sorin Gal, Alexandra Damascan<\/a><\/p>\n<p><a href=\"http:\/\/jpgt.upg-ploiesti.ro\/wp-content\/uploads\/2024\/07\/04_Experimental-investigation-corncob-activated-carbon-adsorbed-gas-storage_rev1.pdf\">EXPERIMENTAL INVESTIGATION OF THE FEASIBILITY OF CORNCOB ACTIVATED CARBON FOR ADSORBED NATURAL GAS STORAGE &#8211; Nelson Oghenenyore Peter, Wilfred Chinedu Okologume <\/a><a href=\"https:\/\/orcid.org\/0000-0002-6317-8936\" target=\"_blank\" rel=\"noopener\"><img loading=\"lazy\" decoding=\"async\" class=\"alignnone\" src=\"https:\/\/orcid.org\/assets\/vectors\/orcid.logo.icon.svg\" alt=\"orcid logo\" width=\"18\" height=\"18\" \/><\/a><\/p>\n<p><a href=\"http:\/\/jpgt.upg-ploiesti.ro\/wp-content\/uploads\/2024\/07\/05_RJPGT_Design-implementation-automated-CNC-typewriter_rev1.pdf\">THE DESIGN AND IMPLEMENTATION OF AN AUTOMATED CNC TYPEWRITER &#8211; George-Cristian Ene, Gabriela Bucur <\/a><a href=\"https:\/\/orcid.org\/0000-0002-4792-5495\" target=\"_blank\" rel=\"noopener\"><img loading=\"lazy\" decoding=\"async\" class=\"alignnone\" src=\"https:\/\/orcid.org\/assets\/vectors\/orcid.logo.icon.svg\" alt=\"orcid logo\" width=\"18\" height=\"18\" \/><\/a><\/p>\n<p><a href=\"http:\/\/jpgt.upg-ploiesti.ro\/wp-content\/uploads\/2024\/07\/06_RJPGT_Reservoir-characterization-Chela-formation-onshore-Congo_rev4-final.pdf\">RESERVOIR CHARACTERIZATION OF THE CHELA FORMATION OF THE NSIAMFUMU AND LIAWENDA FIELDS IN THE ONSHORE COASTAL BASIN, D.R. CONGO &#8211; Kalunga Sina-Nduku Tryphene, Deko Oyema Bruno <\/a><a href=\"https:\/\/orcid.org\/0009-0005-7345-2926\" target=\"_blank\" rel=\"noopener\"><img loading=\"lazy\" decoding=\"async\" class=\"alignnone\" src=\"https:\/\/orcid.org\/assets\/vectors\/orcid.logo.icon.svg\" alt=\"orcid logo\" width=\"18\" height=\"18\" \/><\/a><a href=\"http:\/\/jpgt.upg-ploiesti.ro\/wp-content\/uploads\/2024\/07\/06_RJPGT_Reservoir-characterization-Chela-formation-onshore-Congo_rev4-final.pdf\">, Link Bukasa Muamba, Pierre Paty Tshibumbu Kayeya, Emmanuel Kazinguvu Atibu, Dominique Wetshondo Osomba<\/a><\/p>\n<p><a href=\"http:\/\/jpgt.upg-ploiesti.ro\/wp-content\/uploads\/2024\/09\/07_RJPGT_no.2-2024-DC-motor-angular-position-control-system-Arduino-platform_rev2.pdf\">DC MOTOR ANGULAR POSITION CONTROL SYSTEM USING ARDUINO PLATFORM &#8211; Dragos-Ioan Matei, Alexandru Negroiu, Gabriela Bucur <\/a><a href=\"https:\/\/orcid.org\/0000-0002-4792-5495\" target=\"_blank\" rel=\"noopener\"><img loading=\"lazy\" decoding=\"async\" class=\"alignnone\" src=\"https:\/\/orcid.org\/assets\/vectors\/orcid.logo.icon.svg\" alt=\"orcid logo\" width=\"18\" height=\"18\" \/><\/a><\/p>\n<p><a href=\"http:\/\/jpgt.upg-ploiesti.ro\/wp-content\/uploads\/2024\/10\/08_RJPGT_paper_no.2-2024_rev2.pdf\">STRUCTURAL MODELLING OF THE OIL POTENTIAL OF THE WEST CONGOLIAN SUB-BASIN THROUGH THE IDENTIFICATION OF GEOLOGICAL STRUCTURES AND GRAVIMETRIC ANOMALIES &#8211; Os\u00e9e Mayinga Mayinga <\/a><a href=\"https:\/\/orcid.org\/0009-0004-5489-0755\" target=\"_blank\" rel=\"noopener\"><img loading=\"lazy\" decoding=\"async\" class=\"alignnone\" src=\"https:\/\/orcid.org\/assets\/vectors\/orcid.logo.icon.svg\" alt=\"orcid logo\" width=\"18\" height=\"18\" \/><\/a><a href=\"http:\/\/jpgt.upg-ploiesti.ro\/wp-content\/uploads\/2024\/10\/08_RJPGT_paper_no.2-2024_rev2.pdf\">, Jo\u00ebl Etshekodi Lohadje <\/a><a href=\"https:\/\/orcid.org\/0009-0004-6195-0736\" target=\"_blank\" rel=\"noopener\"><img loading=\"lazy\" decoding=\"async\" class=\"alignnone\" src=\"https:\/\/orcid.org\/assets\/vectors\/orcid.logo.icon.svg\" alt=\"orcid logo\" width=\"18\" height=\"18\" \/><\/a><a href=\"http:\/\/jpgt.upg-ploiesti.ro\/wp-content\/uploads\/2024\/10\/08_RJPGT_paper_no.2-2024_rev2.pdf\">, Franck Tondozi Keto, Prosper Aida Monkenya, Marlin Agolo Monza <\/a><a href=\"https:\/\/orcid.org\/0009-0001-2251-0330\" target=\"_blank\" rel=\"noopener\"><img loading=\"lazy\" decoding=\"async\" class=\"alignnone\" src=\"https:\/\/orcid.org\/assets\/vectors\/orcid.logo.icon.svg\" alt=\"orcid logo\" width=\"18\" height=\"18\" \/><\/a><\/p>\n<p><a href=\"http:\/\/jpgt.upg-ploiesti.ro\/wp-content\/uploads\/2024\/10\/09_RJPGT_no.2-2024_DL-wastemaster-pH-neutralization-process-modelling_rev2.pdf\">A COMPARATIVE STUDY OF DEEP LEARNING METHODS APPLIED FOR WASTEWATER pH NEUTRALIZATION PROCESS MODELLING &#8211; M\u0103d\u0103lina C\u0103rbureanu <\/a><a href=\"https:\/\/orcid.org\/0000-0001-8587-7204\" target=\"_blank\" rel=\"noopener\"><img loading=\"lazy\" decoding=\"async\" class=\"alignnone\" src=\"https:\/\/orcid.org\/assets\/vectors\/orcid.logo.icon.svg\" alt=\"orcid logo\" width=\"18\" height=\"18\" \/><\/a><\/p>\n<p><a href=\"http:\/\/jpgt.upg-ploiesti.ro\/wp-content\/uploads\/2024\/10\/10_RJPGT_no.2-2024-Characterization-isobaths-Cenomanian-reservoir-Muanda-field_rev4.pdf\">CHARACTERIZATION OF ISOBATHS IN THE CENOMANIAN RESERVOIR OF THE MUANDA FIELD \u2013 IMPLICATIONS FOR OPTIMAL OIL RESOURCE MANAGEMENT &#8211; Marlin Agolo Monza <\/a><a href=\"https:\/\/orcid.org\/0009-0001-2251-0330\" target=\"_blank\" rel=\"noopener\"><img loading=\"lazy\" decoding=\"async\" class=\"alignnone\" src=\"https:\/\/orcid.org\/assets\/vectors\/orcid.logo.icon.svg\" alt=\"orcid logo\" width=\"18\" height=\"18\" \/><\/a><a href=\"http:\/\/jpgt.upg-ploiesti.ro\/wp-content\/uploads\/2024\/10\/10_RJPGT_no.2-2024-Characterization-isobaths-Cenomanian-reservoir-Muanda-field_rev4.pdf\">, Franck Tondozi Keto, Raphael Matamba Jibikila, Yves Bolokole Mpehenzale, Os\u00e9e Mayinga Mayinga <\/a><a href=\"https:\/\/orcid.org\/0009-0004-5489-0755\" target=\"_blank\" rel=\"noopener\"><img loading=\"lazy\" decoding=\"async\" class=\"alignnone\" src=\"https:\/\/orcid.org\/assets\/vectors\/orcid.logo.icon.svg\" alt=\"orcid logo\" width=\"18\" height=\"18\" \/><\/a><\/p>\n<p><a href=\"http:\/\/jpgt.upg-ploiesti.ro\/wp-content\/uploads\/2024\/11\/11_RJPGT_no.2-2024-Treatment-river-lake-water-algae-using-nanobubbles_rev3.pdf\">TREATMENT OF RIVER AND LAKE WATER FOR ALGAE USING NANOBUBBLES &#8211; Dan Ovidiu C\u00eerjan <\/a><a href=\"https:\/\/orcid.org\/0009-0009-5145-7557\" target=\"_blank\" rel=\"noopener\"><img loading=\"lazy\" decoding=\"async\" class=\"alignnone\" src=\"https:\/\/orcid.org\/assets\/vectors\/orcid.logo.icon.svg\" alt=\"orcid logo\" width=\"18\" height=\"18\" \/><\/a><a href=\"http:\/\/jpgt.upg-ploiesti.ro\/wp-content\/uploads\/2024\/11\/11_RJPGT_no.2-2024-Treatment-river-lake-water-algae-using-nanobubbles_rev3.pdf\">, Maria Stoicescu<\/a><\/p>\n<p><a href=\"http:\/\/jpgt.upg-ploiesti.ro\/wp-content\/uploads\/2024\/11\/12_RJPGT_no.2-2024-Evaluating-environmental-impact-different-energy-sources_rev2.pdf\">EVALUATING THE ENVIRONMENTAL IMPACT OF DIFFERENT ENERGY SOURCES, FOSSIL OR ALTERNATIVE, THROUGH THE LIFE CYCLE ASSESSMENT METHOD &#8211; Liana Bogatu <\/a><a href=\"https:\/\/orcid.org\/0000-0002-2573-6095\" target=\"_blank\" rel=\"noopener\"><img loading=\"lazy\" decoding=\"async\" class=\"alignnone\" src=\"https:\/\/orcid.org\/assets\/vectors\/orcid.logo.icon.svg\" alt=\"orcid logo\" width=\"18\" height=\"18\" \/><\/a><\/p>\n<p><a href=\"http:\/\/jpgt.upg-ploiesti.ro\/wp-content\/uploads\/2024\/11\/13_RJPGT_no.2-2024_Improv-oil-prod-matrix-acidizing-sandstone-reservoir_rev3.pdf\">IMPROVEMENT OF OIL PRODUCTION BY MATRIX ACIDIZING OF A WELL IN SANDSTONE RESERVOIR &#8211; Darel Sontia Fouazong, Isidore Komofor Ngongiah <\/a><a href=\"https:\/\/orcid.org\/0000-0002-3268-5775\" target=\"_blank\" rel=\"noopener\"><img loading=\"lazy\" decoding=\"async\" class=\"alignnone\" src=\"https:\/\/orcid.org\/assets\/vectors\/orcid.logo.icon.svg\" alt=\"orcid logo\" width=\"18\" height=\"18\" \/><\/a><a href=\"http:\/\/jpgt.upg-ploiesti.ro\/wp-content\/uploads\/2024\/11\/13_RJPGT_no.2-2024_Improv-oil-prod-matrix-acidizing-sandstone-reservoir_rev3.pdf\">, Andre Cheage Chamgoue <\/a><a href=\"https:\/\/orcid.org\/0000-0002-7422-8839\" target=\"_blank\" rel=\"noopener\"><img loading=\"lazy\" decoding=\"async\" class=\"alignnone\" src=\"https:\/\/orcid.org\/assets\/vectors\/orcid.logo.icon.svg\" alt=\"orcid logo\" width=\"18\" height=\"18\" \/><\/a><a href=\"http:\/\/jpgt.upg-ploiesti.ro\/wp-content\/uploads\/2024\/11\/13_RJPGT_no.2-2024_Improv-oil-prod-matrix-acidizing-sandstone-reservoir_rev3.pdf\">, Alain Francis Talla, Jean Jacques Dikongue Jemea<\/a><\/p>\n<p><a href=\"http:\/\/jpgt.upg-ploiesti.ro\/wp-content\/uploads\/2024\/11\/14_RJPGT_no.2-2024-Research-concerning-positional-analysis-fourth-class-mechanism_rev1.pdf\">RESEARCH CONCERNING THE POSITIONAL ANALYSIS OF A FOURTH CLASS MECHANISM &#8211; Georgeta Toma <\/a><a href=\"https:\/\/orcid.org\/0009-0005-5786-8606\" target=\"_blank\" rel=\"noopener\"><img loading=\"lazy\" decoding=\"async\" class=\"alignnone\" src=\"https:\/\/orcid.org\/assets\/vectors\/orcid.logo.icon.svg\" alt=\"orcid logo\" width=\"18\" height=\"18\" \/><\/a><\/p>\n<p><a href=\"http:\/\/jpgt.upg-ploiesti.ro\/wp-content\/uploads\/2024\/11\/15_RJPGT_no.2-2024-Research-simulation-operation-robotic-mechanism_rev1.pdf\">RESEARCH ON THE SIMULATION OF THE OPERATION OF ROBOTIC MECHANISMS &#8211; Georgeta Toma <\/a><a href=\"https:\/\/orcid.org\/0009-0005-5786-8606\" target=\"_blank\" rel=\"noopener\"><img loading=\"lazy\" decoding=\"async\" class=\"alignnone\" src=\"https:\/\/orcid.org\/assets\/vectors\/orcid.logo.icon.svg\" alt=\"orcid logo\" width=\"18\" height=\"18\" \/><\/a><\/p>\n<p><a href=\"http:\/\/jpgt.upg-ploiesti.ro\/wp-content\/uploads\/2024\/11\/16_RJPGT_no.2-2024-Number-Nusselt-correlation-annular-space-tube-heat-exchanger_rev1.pdf\">NEW NUMBER NUSSELT CORRELATION FOR THE ANNULAR SPACE OF THE TUBE IN TUBE HEAT EXCHANGER &#8211; Maria Popa <\/a><a href=\"https:\/\/orcid.org\/0000-0002-4491-6606\" target=\"_blank\" rel=\"noopener\"><img loading=\"lazy\" decoding=\"async\" class=\"alignnone\" src=\"https:\/\/orcid.org\/assets\/vectors\/orcid.logo.icon.svg\" alt=\"orcid logo\" width=\"18\" height=\"18\" \/><\/a><\/p>\n<p><a href=\"http:\/\/jpgt.upg-ploiesti.ro\/wp-content\/uploads\/2024\/11\/17_RJPGT_no.2-2024-Research-optimal-synthesis-multi-contour-mechanism_rev1.pdf\">RESEARCH ON THE OPTIMAL SYNTHESIS OF THE MULTI-CONTOUR MECHANISM<\/a><a href=\"http:\/\/jpgt.upg-ploiesti.ro\/wp-content\/uploads\/2024\/11\/17_RJPGT_no.2-2024-Research-optimal-synthesis-multi-contour-mechanism_rev1.pdf\"> &#8211; Dorin Badoiu <\/a><a href=\"https:\/\/orcid.org\/0000-0003-0913-1130\" target=\"_blank\" rel=\"noopener\"><img loading=\"lazy\" decoding=\"async\" class=\"alignnone\" src=\"https:\/\/orcid.org\/assets\/vectors\/orcid.logo.icon.svg\" alt=\"orcid logo\" width=\"18\" height=\"18\" \/><\/a><\/p>\n<p><a href=\"http:\/\/jpgt.upg-ploiesti.ro\/wp-content\/uploads\/2024\/11\/18_RJPGT_no.2-2024-Analysis-porosite-neutron-logging-data-Kinkasi-field-Cenomanian-reservoir_rev2.pdf\">ANALYSIS OF POROSITE-NEUTRON (NPHI) LOGGING DATA FROM THE KINKASI FIELD: THE CASE OF THE G UP, F AND E HORIZONS OF THE CENOMANIAN RESERVOIR (D.R. CONGO COASTAL BASIN) &#8211;\u00a0<\/a><a href=\"http:\/\/jpgt.upg-ploiesti.ro\/wp-content\/uploads\/2024\/11\/18_RJPGT_no.2-2024-Analysis-porosite-neutron-logging-data-Kinkasi-field-Cenomanian-reservoir_rev2.pdf\">Djonive <\/a><a href=\"http:\/\/jpgt.upg-ploiesti.ro\/wp-content\/uploads\/2024\/11\/18_RJPGT_no.2-2024-Analysis-porosite-neutron-logging-data-Kinkasi-field-Cenomanian-reservoir_rev2.pdf\">Munene Asidi <\/a><a href=\"https:\/\/orcid.org\/0009-0006-1640-9216\" target=\"_blank\" rel=\"noopener\"><img loading=\"lazy\" decoding=\"async\" class=\"alignnone\" src=\"https:\/\/orcid.org\/assets\/vectors\/orcid.logo.icon.svg\" alt=\"orcid logo\" width=\"18\" height=\"18\" \/><\/a><a href=\"http:\/\/jpgt.upg-ploiesti.ro\/wp-content\/uploads\/2024\/11\/18_RJPGT_no.2-2024-Analysis-porosite-neutron-logging-data-Kinkasi-field-Cenomanian-reservoir_rev2.pdf\">, <\/a><a href=\"http:\/\/jpgt.upg-ploiesti.ro\/wp-content\/uploads\/2024\/11\/18_RJPGT_no.2-2024-Analysis-porosite-neutron-logging-data-Kinkasi-field-Cenomanian-reservoir_rev2.pdf\">Thomas<\/a><a href=\"http:\/\/jpgt.upg-ploiesti.ro\/wp-content\/uploads\/2024\/11\/18_RJPGT_no.2-2024-Analysis-porosite-neutron-logging-data-Kinkasi-field-Cenomanian-reservoir_rev2.pdf\"> Kanika Mayena, <\/a><a href=\"http:\/\/jpgt.upg-ploiesti.ro\/wp-content\/uploads\/2024\/11\/18_RJPGT_no.2-2024-Analysis-porosite-neutron-logging-data-Kinkasi-field-Cenomanian-reservoir_rev2.pdf\">Emmanuel <\/a><a href=\"http:\/\/jpgt.upg-ploiesti.ro\/wp-content\/uploads\/2024\/11\/18_RJPGT_no.2-2024-Analysis-porosite-neutron-logging-data-Kinkasi-field-Cenomanian-reservoir_rev2.pdf\">Manteko Matondo, <\/a><a href=\"http:\/\/jpgt.upg-ploiesti.ro\/wp-content\/uploads\/2024\/11\/18_RJPGT_no.2-2024-Analysis-porosite-neutron-logging-data-Kinkasi-field-Cenomanian-reservoir_rev2.pdf\">Djeskin <\/a><a href=\"http:\/\/jpgt.upg-ploiesti.ro\/wp-content\/uploads\/2024\/11\/18_RJPGT_no.2-2024-Analysis-porosite-neutron-logging-data-Kinkasi-field-Cenomanian-reservoir_rev2.pdf\">Nsitu Nsitu,\u00a0<\/a><a href=\"http:\/\/jpgt.upg-ploiesti.ro\/wp-content\/uploads\/2024\/11\/18_RJPGT_no.2-2024-Analysis-porosite-neutron-logging-data-Kinkasi-field-Cenomanian-reservoir_rev2.pdf\">Jeff <\/a><a href=\"http:\/\/jpgt.upg-ploiesti.ro\/wp-content\/uploads\/2024\/11\/18_RJPGT_no.2-2024-Analysis-porosite-neutron-logging-data-Kinkasi-field-Cenomanian-reservoir_rev2.pdf\">Biduaya Ngalamulume, <\/a><a href=\"http:\/\/jpgt.upg-ploiesti.ro\/wp-content\/uploads\/2024\/11\/18_RJPGT_no.2-2024-Analysis-porosite-neutron-logging-data-Kinkasi-field-Cenomanian-reservoir_rev2.pdf\">Augustin <\/a><a href=\"http:\/\/jpgt.upg-ploiesti.ro\/wp-content\/uploads\/2024\/11\/18_RJPGT_no.2-2024-Analysis-porosite-neutron-logging-data-Kinkasi-field-Cenomanian-reservoir_rev2.pdf\">Bangama Kabongo<\/a><\/p>\n<p><a href=\"http:\/\/jpgt.upg-ploiesti.ro\/wp-content\/uploads\/2024\/12\/19_RJPGT_no.2-2024-Rheological-properties-indolic-alkaloids-obtained-natural-products_rev1.pdf\">RHEOLOGICAL PROPERTIES OF INDOLIC ALKALOIDS OBTAINED FROM NATURAL PRODUCTS &#8211; Ana-Maria Neculai <\/a><a href=\"https:\/\/orcid.org\/0009-0009-6476-453X\" target=\"_blank\" rel=\"noopener\"><img loading=\"lazy\" decoding=\"async\" class=\"alignnone\" src=\"https:\/\/orcid.org\/assets\/vectors\/orcid.logo.icon.svg\" alt=\"orcid logo\" width=\"18\" height=\"18\" \/><\/a><a href=\"http:\/\/jpgt.upg-ploiesti.ro\/wp-content\/uploads\/2024\/12\/19_RJPGT_no.2-2024-Rheological-properties-indolic-alkaloids-obtained-natural-products_rev1.pdf\">, Anamaria Niculescu, Iuliana Cristea<\/a><\/p>\n<p><a href=\"http:\/\/jpgt.upg-ploiesti.ro\/wp-content\/uploads\/2024\/12\/20_RJPGT_no.2-2024-IoT-solution-level-measurement-oil-gas-industry-rev1.pdf\">IoT SOLUTION FOR LEVEL MEASUREMENT IN THE OIL AND GAS INDUSTRY &#8211; Constantin Octavian Bercea<\/a><\/p>\n<p><a href=\"http:\/\/jpgt.upg-ploiesti.ro\/wp-content\/uploads\/2024\/12\/21_RJPGT_no.2-2024-Study-petrophysical-characteristics-rocks-Libwa-field-Pinda-reservoir-rev2.pdf\">STUDY OF THE PETROPHYSICAL CHARACTERISTICS OF ROCKS FROM THE LIBWA FIELD IN THE PINDA RESERVOIR IN THE D.R. CONGO COASTAL BASIN &#8211; Andr\u00e9 Yelembangu Ngwey <\/a><a href=\"https:\/\/orcid.org\/0009-0002-5525-9151\" target=\"_blank\" rel=\"noopener\"><img loading=\"lazy\" decoding=\"async\" class=\"alignnone\" src=\"https:\/\/orcid.org\/assets\/vectors\/orcid.logo.icon.svg\" alt=\"orcid logo\" width=\"18\" height=\"18\" \/><\/a><a href=\"http:\/\/jpgt.upg-ploiesti.ro\/wp-content\/uploads\/2024\/12\/21_RJPGT_no.2-2024-Study-petrophysical-characteristics-rocks-Libwa-field-Pinda-reservoir-rev2.docx\">, Jean Iyolo Lungembo, Dona Kampata Mbwelele, Gustave Ngalamulume Bantu, N\u00e9h\u00e9mie Bikayi Tshiani <\/a><a href=\"https:\/\/orcid.org\/0009-0005-1071-6795\" target=\"_blank\" rel=\"noopener\"><img loading=\"lazy\" decoding=\"async\" class=\"alignnone\" src=\"https:\/\/orcid.org\/assets\/vectors\/orcid.logo.icon.svg\" alt=\"orcid logo\" width=\"18\" height=\"18\" \/><\/a><a href=\"http:\/\/jpgt.upg-ploiesti.ro\/wp-content\/uploads\/2024\/12\/21_RJPGT_no.2-2024-Study-petrophysical-characteristics-rocks-Libwa-field-Pinda-reservoir-rev2.docx\">, Rachidi Opuluku <\/a><a href=\"https:\/\/orcid.org\/0009-0008-4171-1964\" target=\"_blank\" rel=\"noopener\"><img loading=\"lazy\" decoding=\"async\" class=\"alignnone\" src=\"https:\/\/orcid.org\/assets\/vectors\/orcid.logo.icon.svg\" alt=\"orcid logo\" width=\"18\" height=\"18\" \/><\/a><\/p>\n<p><a href=\"http:\/\/jpgt.upg-ploiesti.ro\/wp-content\/uploads\/2024\/12\/22_RJPGT_no.2-2024-Physics-driven-feature-ML-models-performance-oil-production-prediction.pdf\">PHYSICS-DRIVEN FEATURE CREATION TO IMPROVE MACHINE LEARNING MODELS PERFORMANCE FOR OIL PRODUCTION RATE PREDICTION &#8211; Eghbal Motaei <\/a><a href=\"https:\/\/orcid.org\/0000-0002-8191-2604\" target=\"_blank\" rel=\"noopener\"><img loading=\"lazy\" decoding=\"async\" class=\"alignnone\" src=\"https:\/\/orcid.org\/assets\/vectors\/orcid.logo.icon.svg\" alt=\"orcid logo\" width=\"18\" height=\"18\" \/><\/a><a href=\"http:\/\/jpgt.upg-ploiesti.ro\/wp-content\/uploads\/2024\/12\/22_RJPGT_no.2-2024-Physics-driven-feature-ML-models-performance-oil-production-prediction.pdf\">, Seyed Mehdi Tabatabai <\/a><a href=\"https:\/\/orcid.org\/0000-0001-5948-4343\" target=\"_blank\" rel=\"noopener\"><img loading=\"lazy\" decoding=\"async\" class=\"alignnone\" src=\"https:\/\/orcid.org\/assets\/vectors\/orcid.logo.icon.svg\" alt=\"orcid logo\" width=\"18\" height=\"18\" \/><\/a><a href=\"http:\/\/jpgt.upg-ploiesti.ro\/wp-content\/uploads\/2024\/12\/22_RJPGT_no.2-2024-Physics-driven-feature-ML-models-performance-oil-production-prediction.pdf\">, Tarek Ganat <\/a><a href=\"https:\/\/orcid.org\/0009-0000-7963-0264\" target=\"_blank\" rel=\"noopener\"><img loading=\"lazy\" decoding=\"async\" class=\"alignnone\" src=\"https:\/\/orcid.org\/assets\/vectors\/orcid.logo.icon.svg\" alt=\"orcid logo\" width=\"18\" height=\"18\" \/><\/a><a href=\"http:\/\/jpgt.upg-ploiesti.ro\/wp-content\/uploads\/2024\/12\/22_RJPGT_no.2-2024-Physics-driven-feature-ML-models-performance-oil-production-prediction.pdf\">, Ahmad Khanifar, Sulaiman Dzaiy, Timur Chis <\/a><a href=\"https:\/\/orcid.org\/0000-0003-1751-828X\" target=\"_blank\" rel=\"noopener\"><img loading=\"lazy\" decoding=\"async\" class=\"alignnone\" src=\"https:\/\/orcid.org\/assets\/vectors\/orcid.logo.icon.svg\" alt=\"orcid logo\" width=\"18\" height=\"18\" \/><\/a><\/p>\n<p><a href=\"http:\/\/jpgt.upg-ploiesti.ro\/wp-content\/uploads\/2024\/12\/23_RJPGT_no.2-2024-Modeling-zones-influence-gas-wells-at-depleted-reservoir-rev1.pdf\">MODELING OF THE ZONES OF INFLUENCE OF GAS WELLS AT A DEPLETED RESERVOIR &#8211; Ioan Alexandru Stoica, Laz\u0103r Avram, Bogdan Simescu <\/a><a href=\"https:\/\/orcid.org\/0009-0004-2610-1763\" target=\"_blank\" rel=\"noopener\"><img loading=\"lazy\" decoding=\"async\" class=\"alignnone\" src=\"https:\/\/orcid.org\/assets\/vectors\/orcid.logo.icon.svg\" alt=\"orcid logo\" width=\"18\" height=\"18\" \/><\/a><a href=\"http:\/\/jpgt.upg-ploiesti.ro\/wp-content\/uploads\/2024\/12\/23_RJPGT_no.2-2024-Modeling-zones-influence-gas-wells-at-depleted-reservoir-rev1.pdf\">, Mihaela Helstern<\/a><\/p>\n<p>&nbsp;<\/p>\n<p>&nbsp;<\/p>\n","protected":false},"excerpt":{"rendered":"<p>ROMANIAN-JOURNAL-OF-PETROLEUM-GAS-TECHNOLOGY_cover-No.2_2024 Romanian-Journal-of-Petroleum-Gas-Technology-Contents_No.2_2024 CONTRIBUTION TO THE GEOCHEMICAL STUDY OF KANZI AND MVUANGU PHOSPHATE ROCKS IN THE LEMBA OIL SUB-BASIN OF CENTRAL CONGO &#8211; Deko Oyema Bruno , Emmanuel Kazinguvu Atibu, Dan Mandjumba Yenor, Dominique Wetshondo Osomba, Loma Wonga Mathias, John Pote Wembonyama ANALYSIS OF FRACTURE GEOMETRY IN FLUID DRAINAGE AFTER HYDRAULIC FRACTURING. CASE OF WINK MS-09 &hellip; <a href=\"http:\/\/jpgt.upg-ploiesti.ro\/?page_id=1126\">Continue reading <span class=\"meta-nav\">&rarr;<\/span><\/a><\/p>\n","protected":false},"author":4,"featured_media":0,"parent":0,"menu_order":0,"comment_status":"closed","ping_status":"closed","template":"","meta":{"footnotes":""},"class_list":["post-1126","page","type-page","status-publish","hentry"],"_links":{"self":[{"href":"http:\/\/jpgt.upg-ploiesti.ro\/index.php?rest_route=\/wp\/v2\/pages\/1126","targetHints":{"allow":["GET"]}}],"collection":[{"href":"http:\/\/jpgt.upg-ploiesti.ro\/index.php?rest_route=\/wp\/v2\/pages"}],"about":[{"href":"http:\/\/jpgt.upg-ploiesti.ro\/index.php?rest_route=\/wp\/v2\/types\/page"}],"author":[{"embeddable":true,"href":"http:\/\/jpgt.upg-ploiesti.ro\/index.php?rest_route=\/wp\/v2\/users\/4"}],"replies":[{"embeddable":true,"href":"http:\/\/jpgt.upg-ploiesti.ro\/index.php?rest_route=%2Fwp%2Fv2%2Fcomments&post=1126"}],"version-history":[{"count":62,"href":"http:\/\/jpgt.upg-ploiesti.ro\/index.php?rest_route=\/wp\/v2\/pages\/1126\/revisions"}],"predecessor-version":[{"id":2699,"href":"http:\/\/jpgt.upg-ploiesti.ro\/index.php?rest_route=\/wp\/v2\/pages\/1126\/revisions\/2699"}],"wp:attachment":[{"href":"http:\/\/jpgt.upg-ploiesti.ro\/index.php?rest_route=%2Fwp%2Fv2%2Fmedia&parent=1126"}],"curies":[{"name":"wp","href":"https:\/\/api.w.org\/{rel}","templated":true}]}}