{"id":122,"date":"2020-06-09T19:32:27","date_gmt":"2020-06-09T16:32:27","guid":{"rendered":"http:\/\/jpgt.upg-ploiesti.ro\/?page_id=122"},"modified":"2024-04-03T22:29:20","modified_gmt":"2024-04-03T19:29:20","slug":"no-1-2012","status":"publish","type":"page","link":"http:\/\/jpgt.upg-ploiesti.ro\/?page_id=122","title":{"rendered":"No. 1\/2012"},"content":{"rendered":"\r\n<div class=\"wp-block-file\"><a href=\"http:\/\/jpgt.upg-ploiesti.ro\/wp-content\/uploads\/2024\/04\/01_T_1_2012-Ulmanu-Marin.pdf\">01_T_1_2012 Ulmanu Marin<\/a><\/div>\r\n<div class=\"wp-block-file\"><a href=\"http:\/\/jpgt.upg-ploiesti.ro\/wp-content\/uploads\/2024\/04\/02_T_1_2012-Minescu-Pana.pdf\">02_T_1_2012 Minescu Pana<\/a><\/div>\r\n<div class=\"wp-block-file\"><a href=\"http:\/\/jpgt.upg-ploiesti.ro\/wp-content\/uploads\/2024\/04\/03_T_1_2012-Prodea-Trifan.pdf\">03_T_1_2012 Prodea Trifan<\/a><\/div>\r\n<div><a id=\"wp-block-file--media-fac9a3ae-66fe-47c5-9692-f88ae8d4ab7f\" href=\"http:\/\/jpgt.upg-ploiesti.ro\/wp-content\/uploads\/2022\/11\/Metamorphosed-igneous-rocks-study-from-Valea-Satului-final.pdf\">04_Metamorphosed igneous rocks study from Valea Satului (Alm\u0103j Mountains) &#8211; Gheorghe Br\u0103noiu, Mihai Cioc\u00eerdel<\/a><\/div>\r\n<div class=\"wp-block-file\"><a href=\"http:\/\/jpgt.upg-ploiesti.ro\/wp-content\/uploads\/2024\/04\/05_T_1_2012-Vasilescu-Ilinca.pdf\">05_T_1_2012 Vasilescu Ilinca<\/a><\/div>\r\n<div class=\"wp-block-file\"><a href=\"http:\/\/jpgt.upg-ploiesti.ro\/wp-content\/uploads\/2024\/04\/06_T_1_2012-Badoiu-Dorin.pdf\">06_T_1_2012 Badoiu Dorin<\/a><\/div>\r\n<div class=\"wp-block-file\"><a href=\"http:\/\/jpgt.upg-ploiesti.ro\/wp-content\/uploads\/2024\/04\/07_T_1_2012-Niculae-Grigore.pdf\">07_T_1_2012 Niculae Grigore<\/a><\/div>\r\n<div class=\"wp-block-file\"><a href=\"http:\/\/jpgt.upg-ploiesti.ro\/wp-content\/uploads\/2024\/04\/08_T_1_2012-Pana-Minescu.pdf\">08_T_1_2012 Pana Minescu<\/a><\/div>\r\n<div class=\"wp-block-file\"><a href=\"http:\/\/jpgt.upg-ploiesti.ro\/wp-content\/uploads\/2024\/04\/09_T_1_2012-Ilinca-Vasilescu.pdf\">09_T_1_2012 Ilinca Vasilescu<\/a><\/div>\r\n<div class=\"wp-block-file\"><a href=\"http:\/\/jpgt.upg-ploiesti.ro\/wp-content\/uploads\/2024\/04\/10_T_1_2012-Toma-Badoiu.pdf\">10_T_1_2012 Toma Badoiu<\/a><\/div>\r\n<div class=\"wp-block-file\"><a href=\"http:\/\/jpgt.upg-ploiesti.ro\/wp-content\/uploads\/2024\/04\/11_T_1_2012-Neagu-Rosca-Dragomir.pdf\">11_T_1_2012 Neagu Rosca Dragomir<\/a><\/div>\r\n<div class=\"wp-block-file\"><a href=\"http:\/\/jpgt.upg-ploiesti.ro\/wp-content\/uploads\/2024\/04\/12_T_1_2012-Frusinoiu-Gheorghitoiu.pdf\">12_T_1_2012 Frusinoiu Gheorghitoiu<\/a><\/div>\r\n<div class=\"wp-block-file\"><a href=\"http:\/\/jpgt.upg-ploiesti.ro\/wp-content\/uploads\/2024\/04\/13_T_1_2012-Cursaru-Tanasescu.pdf\">13_T_1_2012 Cursaru Tanasescu<\/a><\/div>\r\n<div class=\"wp-block-file\"><a href=\"http:\/\/jpgt.upg-ploiesti.ro\/wp-content\/uploads\/2024\/04\/14_T_1_2012-Ileana-Camenita.pdf\">14_T_1_2012 Ileana Camenita<\/a><\/div>\r\n","protected":false},"excerpt":{"rendered":"","protected":false},"author":1,"featured_media":0,"parent":0,"menu_order":0,"comment_status":"closed","ping_status":"closed","template":"","meta":{"footnotes":""},"class_list":["post-122","page","type-page","status-publish","hentry"],"_links":{"self":[{"href":"http:\/\/jpgt.upg-ploiesti.ro\/index.php?rest_route=\/wp\/v2\/pages\/122","targetHints":{"allow":["GET"]}}],"collection":[{"href":"http:\/\/jpgt.upg-ploiesti.ro\/index.php?rest_route=\/wp\/v2\/pages"}],"about":[{"href":"http:\/\/jpgt.upg-ploiesti.ro\/index.php?rest_route=\/wp\/v2\/types\/page"}],"author":[{"embeddable":true,"href":"http:\/\/jpgt.upg-ploiesti.ro\/index.php?rest_route=\/wp\/v2\/users\/1"}],"replies":[{"embeddable":true,"href":"http:\/\/jpgt.upg-ploiesti.ro\/index.php?rest_route=%2Fwp%2Fv2%2Fcomments&post=122"}],"version-history":[{"count":5,"href":"http:\/\/jpgt.upg-ploiesti.ro\/index.php?rest_route=\/wp\/v2\/pages\/122\/revisions"}],"predecessor-version":[{"id":2171,"href":"http:\/\/jpgt.upg-ploiesti.ro\/index.php?rest_route=\/wp\/v2\/pages\/122\/revisions\/2171"}],"wp:attachment":[{"href":"http:\/\/jpgt.upg-ploiesti.ro\/index.php?rest_route=%2Fwp%2Fv2%2Fmedia&parent=122"}],"curies":[{"name":"wp","href":"https:\/\/api.w.org\/{rel}","templated":true}]}}