{"id":1288,"date":"2023-08-26T14:18:27","date_gmt":"2023-08-26T11:18:27","guid":{"rendered":"http:\/\/jpgt.upg-ploiesti.ro\/?page_id=1288"},"modified":"2024-06-01T11:37:02","modified_gmt":"2024-06-01T08:37:02","slug":"ante-volume-lviii-2006","status":"publish","type":"page","link":"http:\/\/jpgt.upg-ploiesti.ro\/?page_id=1288","title":{"rendered":"Volumes XLVII &#8211; LVII"},"content":{"rendered":"<p><a href=\"http:\/\/jpgt.upg-ploiesti.ro\/wp-content\/uploads\/2023\/08\/Electrofac.oligocen.cute-diapire.pdf\">Studiul electrofaciesurilor formatiunilor oligocene de mare adancime din Zona Cutelor Diapire &#8211; Mihail Valentin Batistatu, Gheorghe-Adrian Branoiu<\/a><\/p>\n<p><a href=\"http:\/\/jpgt.upg-ploiesti.ro\/wp-content\/uploads\/2023\/08\/Landslides-in-Geamana-Nord-oilfield-area.pdf\">Alunecari de teren naturale din perimetrul petrolier Geamana Nord &#8211; Octavian Georgescu, Dumitru Frunzescu, Viorel-Eugen Vasiliu, Gheorghe-Adrian Branoiu<\/a><\/p>\n<p><a href=\"http:\/\/jpgt.upg-ploiesti.ro\/wp-content\/uploads\/2023\/08\/The-influence-of-mineralogical-composition-on-rocks-wettability.pdf\">Studiul influentei compozitiei mineralogice asupra capacitatii de udare &#8211; Gheorghe-Adrian Branoiu<\/a><\/p>\n<p><a href=\"http:\/\/jpgt.upg-ploiesti.ro\/wp-content\/uploads\/2023\/08\/Landslides-in-Plopeasa-oilfield-area.pdf\">Fenomene geomorfologice actuale \u00een perimetrul Plopeasa din raza de activitate a S.P. Berca &#8211; Dumitru Frunzescu, Viorel-Eugen Vasiliu, Octavian Georgescu, Gheorghe Branoiu, Florinel Dinu<\/a><\/p>\n<p><a href=\"http:\/\/jpgt.upg-ploiesti.ro\/wp-content\/uploads\/2023\/08\/Landslides-in-Predeal-Sarari-oilfield-area.pdf\">Fenomene geomorfologice actuale \u00een perimetrul Predeal Sarari din raza de activitate a S.P. Boldesti &#8211;\u00a0<\/a><a href=\"http:\/\/jpgt.upg-ploiesti.ro\/wp-content\/uploads\/2023\/08\/Landslides-in-Predeal-Sarari-oilfield-area.pdf\">Dumitru Frunzescu, Viorel-Eugen Vasiliu, Octavian Georgescu, Gheorghe Branoiu, Florinel Dinu<\/a><\/p>\n<p><a href=\"http:\/\/jpgt.upg-ploiesti.ro\/wp-content\/uploads\/2023\/08\/Structuri.bioturbatie.Paleogen.Siriu_.pdf\">Structuri de bioturbatie \u00een cadrul depozitelor turbiditice din flisul est-carpatic de varsta Paleocen\u2013Eocen, Siriu \u2013 Valea Buzaului &#8211; Dumitru Frunzescu, Gheorghe Branoiu<\/a><\/p>\n<p><a href=\"http:\/\/jpgt.upg-ploiesti.ro\/wp-content\/uploads\/2023\/08\/Megacurgeri-debritice-in-Podu-Secu-la-Siriu-Valea-Buzaului.pdf\">Ipostaze ale unor procese de curgere gravitational\u0103 intalnite in flisul est-carpatic de varsta Paleocen\u2013Eocen, Siriu \u2013 Valea Buzaului &#8211; Gheorghe Branoiu, Dumitru Frunzescu<\/a><\/p>\n<p><a href=\"http:\/\/jpgt.upg-ploiesti.ro\/wp-content\/uploads\/2023\/08\/Diag.amb_.sed_.evap_.Miocene_EastCarp.pdf\">Diagnoza ambiantelor sedimentare evaporitice miocene pe baza structurilor sedimentare specifice &#8211; Dumitru Frunzescu, Gheorghe Branoiu<\/a><\/p>\n<p><a href=\"http:\/\/jpgt.upg-ploiesti.ro\/wp-content\/uploads\/2023\/08\/Silica-diagenesis-processes-coal-debris-from-Miocene-formation-Prahova-County-Romania.pdf\">On the silica diagenesis processes of the coal debris from Miocene formation from Prahova County &#8211; Dumitru Frunzescu, Octavian Georgescu, Gheorghe Branoiu<\/a><\/p>\n<p><a href=\"http:\/\/jpgt.upg-ploiesti.ro\/wp-content\/uploads\/2024\/06\/Sedimentological-approach-on-flysch-rhythmites-in-Podu-Secu-formation-Siriu-Buzau-Valley.pdf\">Consideratii sedimentologice asupra stratelor de Podu Secu din unitatea de Tarc\u0103u a Carpatilor Orientali \u00een zona barajului Siriu &#8211; Dumitru Frunzescu, Gheorghe Branoiu, Lorena Radu, Petre Maxim<\/a><\/p>\n<p><a href=\"http:\/\/jpgt.upg-ploiesti.ro\/wp-content\/uploads\/2023\/08\/On-mineralogical-transformation-caused-by-in-situ-combustion-process-in-reservoir-rocks-from-Suplacu-de-Barcau-oilfield.pdf\">Asupra transform\u0103rilor mineralogice determinate de procesul de combustie subteran\u0103 \u00een rocile z\u0103c\u0103m\u00e2ntului Suplacu de Barc\u0103u &#8211; Gheorghe Branoiu<\/a><\/p>\n<p><a href=\"http:\/\/jpgt.upg-ploiesti.ro\/wp-content\/uploads\/2023\/08\/Fen.geomorf.Pacureti-Matita-Podenii-Noi.pdf\">Estimarea gradului de risc geomorfologic si geotehnic al alunec\u0103rilor de teren din zona Pacureti\u2013Matita\u2013Podenii Noi &#8211; Octavian Georgescu, Dumitru Frunzescu, Viorel-Eugen Vasiliu, Gheorghe Branoiu<\/a><\/p>\n<p><a href=\"http:\/\/jpgt.upg-ploiesti.ro\/wp-content\/uploads\/2023\/08\/Studiu-sedimentologic-menilite-Mlajet-Valea-Buzaului.pdf\">Studiul sedimentologic al menilitelor Formatiunii de Starchiojd din Miocenul Unit\u0103tii de Tarc\u0103u de la Ml\u0103jet (Valea Buz\u0103ului) &#8211; Dumitru Frunzescu, Gheorghe Branoiu, Ionut Preda, Lorena Radu, Bogdan Preda<\/a><\/p>\n<p>&nbsp;<\/p>\n<p>&nbsp;<\/p>\n<p>&nbsp;<\/p>\n<p>&nbsp;<\/p>\n<p>&nbsp;<\/p>\n","protected":false},"excerpt":{"rendered":"<p>Studiul electrofaciesurilor formatiunilor oligocene de mare adancime din Zona Cutelor Diapire &#8211; Mihail Valentin Batistatu, Gheorghe-Adrian Branoiu Alunecari de teren naturale din perimetrul petrolier Geamana Nord &#8211; Octavian Georgescu, Dumitru Frunzescu, Viorel-Eugen Vasiliu, Gheorghe-Adrian Branoiu Studiul influentei compozitiei mineralogice asupra capacitatii de udare &#8211; Gheorghe-Adrian Branoiu Fenomene geomorfologice actuale \u00een perimetrul Plopeasa din raza de &hellip; <a href=\"http:\/\/jpgt.upg-ploiesti.ro\/?page_id=1288\">Continue reading <span class=\"meta-nav\">&rarr;<\/span><\/a><\/p>\n","protected":false},"author":4,"featured_media":0,"parent":0,"menu_order":0,"comment_status":"closed","ping_status":"closed","template":"","meta":{"footnotes":""},"class_list":["post-1288","page","type-page","status-publish","hentry"],"_links":{"self":[{"href":"http:\/\/jpgt.upg-ploiesti.ro\/index.php?rest_route=\/wp\/v2\/pages\/1288","targetHints":{"allow":["GET"]}}],"collection":[{"href":"http:\/\/jpgt.upg-ploiesti.ro\/index.php?rest_route=\/wp\/v2\/pages"}],"about":[{"href":"http:\/\/jpgt.upg-ploiesti.ro\/index.php?rest_route=\/wp\/v2\/types\/page"}],"author":[{"embeddable":true,"href":"http:\/\/jpgt.upg-ploiesti.ro\/index.php?rest_route=\/wp\/v2\/users\/4"}],"replies":[{"embeddable":true,"href":"http:\/\/jpgt.upg-ploiesti.ro\/index.php?rest_route=%2Fwp%2Fv2%2Fcomments&post=1288"}],"version-history":[{"count":16,"href":"http:\/\/jpgt.upg-ploiesti.ro\/index.php?rest_route=\/wp\/v2\/pages\/1288\/revisions"}],"predecessor-version":[{"id":2445,"href":"http:\/\/jpgt.upg-ploiesti.ro\/index.php?rest_route=\/wp\/v2\/pages\/1288\/revisions\/2445"}],"wp:attachment":[{"href":"http:\/\/jpgt.upg-ploiesti.ro\/index.php?rest_route=%2Fwp%2Fv2%2Fmedia&parent=1288"}],"curies":[{"name":"wp","href":"https:\/\/api.w.org\/{rel}","templated":true}]}}