{"id":456,"date":"2022-06-16T11:46:59","date_gmt":"2022-06-16T08:46:59","guid":{"rendered":"http:\/\/jpgt.upg-ploiesti.ro\/?page_id=456"},"modified":"2024-10-05T08:11:12","modified_gmt":"2024-10-05T05:11:12","slug":"no-1-2022","status":"publish","type":"page","link":"http:\/\/jpgt.upg-ploiesti.ro\/?page_id=456","title":{"rendered":"No. 1\/2022"},"content":{"rendered":"\r\n<div><a id=\"wp-block-file--media-bea00716-3e46-4a84-95f5-72285c5e5422\" href=\"http:\/\/jpgt.upg-ploiesti.ro\/wp-content\/uploads\/2022\/06\/Romanian-Journal-of-Petroleum-Gas-Technology_Cover-No.1_2022.pdf\" target=\"_blank\" rel=\"noreferrer noopener\">Romanian-Journal-of-Petroleum-Gas-Technology_Cover-No.1_2022<\/a><\/div>\r\n\r\n\r\n\r\n<div>\u00a0<\/div>\r\n<div><a id=\"wp-block-file--media-22f784ac-bd60-4ba1-9b44-46bf20d189b1\" href=\"http:\/\/jpgt.upg-ploiesti.ro\/wp-content\/uploads\/2022\/06\/Romanian-Journal-of-Petroleum-Gas-Technology_Contents_No.1_2022.pdf\" target=\"_blank\" rel=\"noreferrer noopener\">Romanian-Journal-of-Petroleum-Gas-Technology_Contents_No.1_2022<\/a><\/div>\r\n\r\n\r\n\r\n<div>\u00a0<\/div>\r\n<div><a href=\"http:\/\/jpgt.upg-ploiesti.ro\/wp-content\/uploads\/2022\/06\/01_Articol-jurnal-UPG-nr-1_2022_Stoianovici-D_Pelin-S.pdf\" target=\"_blank\" rel=\"noreferrer noopener\">VALVE EFFICIENCY AT DEPTH PUMPS &#8211; Doru Stoianovici <\/a><a href=\"https:\/\/orcid.org\/0009-0009-1766-1087\" target=\"_blank\" rel=\"noopener\"><img loading=\"lazy\" decoding=\"async\" class=\"alignnone\" src=\"https:\/\/orcid.org\/assets\/vectors\/orcid.logo.icon.svg\" alt=\"orcid logo\" width=\"18\" height=\"18\" \/><\/a><a id=\"wp-block-file--media-8737db6d-e32b-4e50-8892-f2c0edf1bf4b\" href=\"http:\/\/jpgt.upg-ploiesti.ro\/wp-content\/uploads\/2022\/06\/01_Articol-jurnal-UPG-nr-1_2022_Stoianovici-D_Pelin-S.pdf\" target=\"_blank\" rel=\"noreferrer noopener\">, Stefan Pelin<\/a><\/div>\r\n\r\n\r\n\r\n<div class=\"is-layout-flow wp-block-group-is-layout-flow\"><div class=\"wp-block-group__inner-container\">\r\n<div>\u00a0<\/div>\r\n<div><a href=\"http:\/\/jpgt.upg-ploiesti.ro\/wp-content\/uploads\/2022\/06\/02_Articol-jurnal-UPG-nr-1_2022_Carbureanu.pdf\" target=\"_blank\" rel=\"noreferrer noopener\">ANDROID APPLICATION FOR THE INFORMATION OF THE WASTEWATER pH NEUTRALIZATION PROCESS HUMAN OPERATOR &#8211; M\u0103d\u0103lina C\u0103rbureanu <\/a><a href=\"https:\/\/orcid.org\/0000-0001-8587-7204\" target=\"_blank\" rel=\"noopener\"><img loading=\"lazy\" decoding=\"async\" src=\"https:\/\/orcid.org\/assets\/vectors\/orcid.logo.icon.svg\" alt=\"orcid logo\" width=\"18\" height=\"18\" \/><\/a><a id=\"wp-block-file--media-ce0d25d0-7f1a-4dc5-b6c1-7ee62886a5ed\" href=\"http:\/\/jpgt.upg-ploiesti.ro\/wp-content\/uploads\/2022\/06\/02_Articol-jurnal-UPG-nr-1_2022_Carbureanu.pdf\" target=\"_blank\" rel=\"noreferrer noopener\">, Florin Ghinea <\/a><\/div>\r\n<\/div><\/div>\r\n\r\n\r\n\r\n<div>\u00a0<\/div>\r\n<div><a href=\"http:\/\/jpgt.upg-ploiesti.ro\/wp-content\/uploads\/2022\/06\/03_Articol-jurnal-UPG-nr-1_2022_Halafawi1-Rev.pdf\" target=\"_blank\" rel=\"noreferrer noopener\">NUMERICAL WELLBORE STABILITY FOR VERTICAL AND DEVIATED WELLS USING FINITE ELEMENT METHOD &#8211; Mohamed Halafawi <\/a><a href=\"https:\/\/orcid.org\/0000-0002-6619-8633\" target=\"_blank\" rel=\"noopener\"><img loading=\"lazy\" decoding=\"async\" src=\"https:\/\/orcid.org\/assets\/vectors\/orcid.logo.icon.svg\" alt=\"orcid logo\" width=\"18\" height=\"18\" \/><\/a><a href=\"http:\/\/jpgt.upg-ploiesti.ro\/wp-content\/uploads\/2022\/06\/03_Articol-jurnal-UPG-nr-1_2022_Halafawi1-Rev.pdf\" target=\"_blank\" rel=\"noreferrer noopener\">, Alin Dini\u021b\u0103 <\/a><a href=\"https:\/\/orcid.org\/0000-0002-9242-9431\" target=\"_blank\" rel=\"noopener\"><img loading=\"lazy\" decoding=\"async\" src=\"https:\/\/orcid.org\/assets\/vectors\/orcid.logo.icon.svg\" alt=\"orcid logo\" width=\"18\" height=\"18\" \/><\/a><a id=\"wp-block-file--media-35c6627f-c4f7-492e-a8e1-8c279c025b17\" href=\"http:\/\/jpgt.upg-ploiesti.ro\/wp-content\/uploads\/2022\/06\/03_Articol-jurnal-UPG-nr-1_2022_Halafawi1-Rev.pdf\" target=\"_blank\" rel=\"noreferrer noopener\">, Laz\u0103r Avram<\/a><\/div>\r\n\r\n\r\n\r\n<div>\u00a0<\/div>\r\n<div><a href=\"http:\/\/jpgt.upg-ploiesti.ro\/wp-content\/uploads\/2022\/06\/04_Articol-jurnal-UPG-nr-1_2022_Halafawi2-Rev.pdf\" target=\"_blank\" rel=\"noreferrer noopener\">ELASTIC-PLASTIC SOLUTIONS FOR ANALYZING WELLBORE STABILITY &#8211; Mohamed Halafawi <\/a><a href=\"https:\/\/orcid.org\/0000-0002-6619-8633\" target=\"_blank\" rel=\"noopener\"><img loading=\"lazy\" decoding=\"async\" src=\"https:\/\/orcid.org\/assets\/vectors\/orcid.logo.icon.svg\" alt=\"orcid logo\" width=\"18\" height=\"18\" \/><\/a><a id=\"wp-block-file--media-7dc246f1-e073-485f-a65f-496030df462a\" href=\"http:\/\/jpgt.upg-ploiesti.ro\/wp-content\/uploads\/2022\/06\/04_Articol-jurnal-UPG-nr-1_2022_Halafawi2-Rev.pdf\" target=\"_blank\" rel=\"noreferrer noopener\">, Laz\u0103r Avram<\/a><\/div>\r\n\r\n\r\n\r\n<div>\u00a0<\/div>\r\n<div><a href=\"http:\/\/jpgt.upg-ploiesti.ro\/wp-content\/uploads\/2022\/06\/05_Articol-jurnal-UPG-nr-1_2022_Badoiu-D.pdf\" target=\"_blank\" rel=\"noreferrer noopener\">RESEARCH ON ESTABLISHING THE DIFFERENTIAL MODEL OF THE ROBOTIC MECHANISMS &#8211; Dorin B\u0103doiu <\/a><a href=\"https:\/\/orcid.org\/0000-0003-0913-1130\" target=\"_blank\" rel=\"noopener\"><img loading=\"lazy\" decoding=\"async\" src=\"https:\/\/orcid.org\/assets\/vectors\/orcid.logo.icon.svg\" alt=\"orcid logo\" width=\"18\" height=\"18\" \/><\/a><a id=\"wp-block-file--media-6f794af2-71b2-4382-b11c-20afea1cd122\" href=\"http:\/\/jpgt.upg-ploiesti.ro\/wp-content\/uploads\/2022\/06\/05_Articol-jurnal-UPG-nr-1_2022_Badoiu-D.pdf\" target=\"_blank\" rel=\"noreferrer noopener\"><\/a><\/div>\r\n\r\n\r\n\r\n<div>\u00a0<\/div>\r\n<div><a id=\"wp-block-file--media-1f74f485-edc8-4db1-ab20-db244672e2e0\" href=\"http:\/\/jpgt.upg-ploiesti.ro\/wp-content\/uploads\/2022\/06\/06_Articol-jurnal-UPG-nr-1_2022_Toma-G_rev.pdf\" target=\"_blank\" rel=\"noreferrer noopener\">RESEARCH ON THE KINEMATICS OF A MECHANISM WITH QUICK RETURN OF THE OSCILLATING ARM &#8211; Georgeta Toma<\/a><\/div>\r\n\r\n\r\n\r\n<div>\u00a0<\/div>\r\n<div><a href=\"http:\/\/jpgt.upg-ploiesti.ro\/wp-content\/uploads\/2022\/06\/07_Articol-jurnal-UPG-nr-1_2022_Badoiu-D-Toma-G.pdf\" target=\"_blank\" rel=\"noreferrer noopener\">RESEARCH CONCERNING THE DYNAMICS OF PLANE MECHANISMS &#8211; Dorin B\u0103doiu <\/a><a href=\"https:\/\/orcid.org\/0000-0003-0913-1130\" target=\"_blank\" rel=\"noopener\"><img loading=\"lazy\" decoding=\"async\" src=\"https:\/\/orcid.org\/assets\/vectors\/orcid.logo.icon.svg\" alt=\"orcid logo\" width=\"18\" height=\"18\" \/><\/a><a id=\"wp-block-file--media-3a72a1f5-945a-498f-9717-f68a0edd99f9\" href=\"http:\/\/jpgt.upg-ploiesti.ro\/wp-content\/uploads\/2022\/06\/07_Articol-jurnal-UPG-nr-1_2022_Badoiu-D-Toma-G.pdf\" target=\"_blank\" rel=\"noreferrer noopener\">, Georgeta Toma<\/a><\/div>\r\n\r\n\r\n\r\n<div>\u00a0<\/div>\r\n<div><a href=\"http:\/\/jpgt.upg-ploiesti.ro\/wp-content\/uploads\/2022\/08\/08_Articol-jurnal-UPG-nr-1_2022_Manu1.pdf\" target=\"_blank\" rel=\"noreferrer noopener\">THE EFFECT OF ROTATING-BENDING FATIGUE ON HIGH-DENSITY POLYETHYLENE &#8211; Ioana-Daniela Manu <\/a><a href=\"https:\/\/orcid.org\/0000-0003-2187-0294\" target=\"_blank\" rel=\"noopener\"><img loading=\"lazy\" decoding=\"async\" src=\"https:\/\/orcid.org\/assets\/vectors\/orcid.logo.icon.svg\" alt=\"orcid logo\" width=\"18\" height=\"18\" \/><\/a><a id=\"wp-block-file--media-2bf0222c-8575-47a5-86bb-7ef5b2a64205\" href=\"http:\/\/jpgt.upg-ploiesti.ro\/wp-content\/uploads\/2022\/08\/08_Articol-jurnal-UPG-nr-1_2022_Manu1.pdf\" target=\"_blank\" rel=\"noreferrer noopener\"><\/a><\/div>\r\n\r\n\r\n\r\n<div>\u00a0<\/div>\r\n<div><a href=\"http:\/\/jpgt.upg-ploiesti.ro\/wp-content\/uploads\/2022\/08\/09_Articol-jurnal-UPG-nr-1_2022_Tabatabai_Chis_Jugastreanu1.pdf\" target=\"_blank\" rel=\"noreferrer noopener\">FORMATION EVALUATION IN LOW RESISTIVITY LOW CONTRAST (LRLC) SHALY SAND THIN LAMINATION; FORWARD MODELING AND INVERSION OPTIMIZATION USING GENETIC ALGORITHM &#8211; Seyed Mehdi Tabatabai, Timur Chis <\/a><a href=\"https:\/\/orcid.org\/0000-0003-1751-828X\" target=\"_blank\" rel=\"noopener\"><img loading=\"lazy\" decoding=\"async\" src=\"https:\/\/orcid.org\/assets\/vectors\/orcid.logo.icon.svg\" alt=\"orcid logo\" width=\"18\" height=\"18\" \/><\/a><a id=\"wp-block-file--media-241ebe66-eff4-406f-9f3a-4be97dddbffa\" href=\"http:\/\/jpgt.upg-ploiesti.ro\/wp-content\/uploads\/2022\/08\/09_Articol-jurnal-UPG-nr-1_2022_Tabatabai_Chis_Jugastreanu1.pdf\" target=\"_blank\" rel=\"noreferrer noopener\">, Cristina Jugastreanu<\/a><\/div>\r\n","protected":false},"excerpt":{"rendered":"","protected":false},"author":4,"featured_media":0,"parent":0,"menu_order":0,"comment_status":"closed","ping_status":"closed","template":"","meta":{"footnotes":""},"class_list":["post-456","page","type-page","status-publish","hentry"],"_links":{"self":[{"href":"http:\/\/jpgt.upg-ploiesti.ro\/index.php?rest_route=\/wp\/v2\/pages\/456","targetHints":{"allow":["GET"]}}],"collection":[{"href":"http:\/\/jpgt.upg-ploiesti.ro\/index.php?rest_route=\/wp\/v2\/pages"}],"about":[{"href":"http:\/\/jpgt.upg-ploiesti.ro\/index.php?rest_route=\/wp\/v2\/types\/page"}],"author":[{"embeddable":true,"href":"http:\/\/jpgt.upg-ploiesti.ro\/index.php?rest_route=\/wp\/v2\/users\/4"}],"replies":[{"embeddable":true,"href":"http:\/\/jpgt.upg-ploiesti.ro\/index.php?rest_route=%2Fwp%2Fv2%2Fcomments&post=456"}],"version-history":[{"count":34,"href":"http:\/\/jpgt.upg-ploiesti.ro\/index.php?rest_route=\/wp\/v2\/pages\/456\/revisions"}],"predecessor-version":[{"id":2599,"href":"http:\/\/jpgt.upg-ploiesti.ro\/index.php?rest_route=\/wp\/v2\/pages\/456\/revisions\/2599"}],"wp:attachment":[{"href":"http:\/\/jpgt.upg-ploiesti.ro\/index.php?rest_route=%2Fwp%2Fv2%2Fmedia&parent=456"}],"curies":[{"name":"wp","href":"https:\/\/api.w.org\/{rel}","templated":true}]}}