{"id":85,"date":"2020-06-09T19:25:49","date_gmt":"2020-06-09T16:25:49","guid":{"rendered":"http:\/\/jpgt.upg-ploiesti.ro\/?page_id=85"},"modified":"2024-02-18T14:45:39","modified_gmt":"2024-02-18T12:45:39","slug":"no-4-2009","status":"publish","type":"page","link":"http:\/\/jpgt.upg-ploiesti.ro\/?page_id=85","title":{"rendered":"No. 4\/2009"},"content":{"rendered":"<p><\/p>\r\n<p><a href=\"http:\/\/jpgt.upg-ploiesti.ro\/wp-content\/uploads\/2024\/02\/1-Cretu-Ionescu-BT.pdf\">1 Cretu Ionescu BT<\/a><\/p>\r\n<p><a href=\"http:\/\/jpgt.upg-ploiesti.ro\/wp-content\/uploads\/2024\/02\/2-Ionescu-Gheorghiu-Cretu-BT.pdf\">2 Ionescu Gheorghiu Cretu BT<\/a><\/p>\r\n<p><a href=\"http:\/\/jpgt.upg-ploiesti.ro\/wp-content\/uploads\/2024\/02\/3-Petre-Rosca-BT.pdf\">3 Petre Rosca BT<\/a><\/p>\r\n<p><a href=\"http:\/\/jpgt.upg-ploiesti.ro\/wp-content\/uploads\/2024\/02\/4-Basceanu-Avram-BT.pdf\">4 Basceanu Avram BT<\/a><\/p>\r\n<p><a href=\"http:\/\/jpgt.upg-ploiesti.ro\/wp-content\/uploads\/2024\/02\/5-Manea-Popescu-BT.pdf\">5 Manea Popescu BT<\/a><\/p>\r\n<p class=\"wp-block-file\"><a id=\"wp-block-file--media-8d1bb510-61e4-49ef-93d5-ca2b8ec69c42\" href=\"http:\/\/jpgt.upg-ploiesti.ro\/wp-content\/uploads\/2022\/11\/Articol-Frunzescu_Branoiu_final.pdf\">06_Remarks on the composition of the conglomerates olistolithes within Badenian Salt Breccia from B\u0103dila, Buz\u0103u Valley &#8211; Dumitru Frunzescu, Aura Cehlarov, Gheorghe Br\u0103noiu<\/a><\/p>\r\n<p><a href=\"http:\/\/jpgt.upg-ploiesti.ro\/wp-content\/uploads\/2024\/02\/7-Zecheru-Draghici-Mesca-BT.pdf\">7 Zecheru Draghici Mesca BT<\/a><\/p>\r\n<p><a href=\"http:\/\/jpgt.upg-ploiesti.ro\/wp-content\/uploads\/2024\/02\/8-Iordache-Ianache-BT.pdf\">8 Iordache Ianache BT<\/a><\/p>\r\n<p><a href=\"http:\/\/jpgt.upg-ploiesti.ro\/wp-content\/uploads\/2024\/02\/9-Vasilescu-Serban-BT.pdf\">9 Vasilescu Serban BT<\/a><\/p>\r\n<p><a href=\"http:\/\/jpgt.upg-ploiesti.ro\/wp-content\/uploads\/2024\/02\/10-Badoiu-Dorin-BT.pdf\">10 Badoiu Dorin BT<\/a><\/p>\r\n<p><a href=\"http:\/\/jpgt.upg-ploiesti.ro\/wp-content\/uploads\/2024\/02\/11-Rusu-Vasilescu-BT.pdf\">11 Rusu Vasilescu BT<\/a><\/p>\r\n<p><a href=\"http:\/\/jpgt.upg-ploiesti.ro\/wp-content\/uploads\/2024\/02\/12-Tabacu-C-BT.pdf\">12 Tabacu C BT<\/a><\/p>\r\n<p><a href=\"http:\/\/jpgt.upg-ploiesti.ro\/wp-content\/uploads\/2024\/02\/13-Bujoi-Dumitru-BT.pdf\">13 Bujoi Dumitru BT<\/a><\/p>\r\n<p><\/p>","protected":false},"excerpt":{"rendered":"","protected":false},"author":1,"featured_media":0,"parent":0,"menu_order":0,"comment_status":"closed","ping_status":"closed","template":"","meta":{"footnotes":""},"class_list":["post-85","page","type-page","status-publish","hentry"],"_links":{"self":[{"href":"http:\/\/jpgt.upg-ploiesti.ro\/index.php?rest_route=\/wp\/v2\/pages\/85","targetHints":{"allow":["GET"]}}],"collection":[{"href":"http:\/\/jpgt.upg-ploiesti.ro\/index.php?rest_route=\/wp\/v2\/pages"}],"about":[{"href":"http:\/\/jpgt.upg-ploiesti.ro\/index.php?rest_route=\/wp\/v2\/types\/page"}],"author":[{"embeddable":true,"href":"http:\/\/jpgt.upg-ploiesti.ro\/index.php?rest_route=\/wp\/v2\/users\/1"}],"replies":[{"embeddable":true,"href":"http:\/\/jpgt.upg-ploiesti.ro\/index.php?rest_route=%2Fwp%2Fv2%2Fcomments&post=85"}],"version-history":[{"count":7,"href":"http:\/\/jpgt.upg-ploiesti.ro\/index.php?rest_route=\/wp\/v2\/pages\/85\/revisions"}],"predecessor-version":[{"id":1898,"href":"http:\/\/jpgt.upg-ploiesti.ro\/index.php?rest_route=\/wp\/v2\/pages\/85\/revisions\/1898"}],"wp:attachment":[{"href":"http:\/\/jpgt.upg-ploiesti.ro\/index.php?rest_route=%2Fwp%2Fv2%2Fmedia&parent=85"}],"curies":[{"name":"wp","href":"https:\/\/api.w.org\/{rel}","templated":true}]}}