{"id":96,"date":"2020-06-09T19:28:09","date_gmt":"2020-06-09T16:28:09","guid":{"rendered":"http:\/\/jpgt.upg-ploiesti.ro\/?page_id=96"},"modified":"2024-02-18T18:24:50","modified_gmt":"2024-02-18T16:24:50","slug":"no-3b-2010","status":"publish","type":"page","link":"http:\/\/jpgt.upg-ploiesti.ro\/?page_id=96","title":{"rendered":"No. 3B\/2010"},"content":{"rendered":"<p><\/p>\r\n<p><a href=\"http:\/\/jpgt.upg-ploiesti.ro\/wp-content\/uploads\/2024\/02\/1_T_3B_2010-Dussap-Avram.pdf\">1_T_3B_2010 Dussap Avram<\/a><\/p>\r\n<p><a href=\"http:\/\/jpgt.upg-ploiesti.ro\/wp-content\/uploads\/2024\/02\/2_T_3B_2010-Nicolescu-Iordache-Coloja.pdf\">2_T_3B_2010 Nicolescu Iordache Coloja<\/a><\/p>\r\n<p><a href=\"http:\/\/jpgt.upg-ploiesti.ro\/wp-content\/uploads\/2024\/02\/4_T_3B_2010-Avram-Patrascu-Basceanu.pdf\">4_T_3B_2010 Avram Patrascu Basceanu<\/a><\/p>\r\n<p><a href=\"http:\/\/jpgt.upg-ploiesti.ro\/wp-content\/uploads\/2024\/02\/5_T_3B_2010-Buzoianu-Daniela.pdf\">5_T_3B_2010 Buzoianu Daniela<\/a><\/p>\r\n<p><a href=\"http:\/\/jpgt.upg-ploiesti.ro\/wp-content\/uploads\/2024\/02\/6_T_3B_2010-Manea-Popescu-Petre.pdf\">6_T_3B_2010 Manea Popescu Petre<\/a><\/p>\r\n<p><a href=\"http:\/\/jpgt.upg-ploiesti.ro\/wp-content\/uploads\/2024\/02\/7_T_3B_2010-Micu-Mirela-ASE.pdf\">7_T_3B_2010 Micu Mirela ASE<\/a><\/p>\r\n<p><a href=\"http:\/\/jpgt.upg-ploiesti.ro\/wp-content\/uploads\/2024\/02\/8_T_3B_2010-Nicolescu_C.pdf\">8_T_3B_2010 Nicolescu_C<\/a><\/p>\r\n<p><a href=\"http:\/\/jpgt.upg-ploiesti.ro\/wp-content\/uploads\/2024\/02\/9_T_3B_2010-Gheorghitoiu-Mihai.pdf\">9_T_3B_2010 Gheorghitoiu Mihai<\/a><\/p>\r\n<p><a href=\"http:\/\/jpgt.upg-ploiesti.ro\/wp-content\/uploads\/2024\/02\/10_T_3B_2010-Marcu-MG.pdf\">10_T_3B_2010 Marcu MG<\/a><\/p>\r\n<p><a href=\"http:\/\/jpgt.upg-ploiesti.ro\/wp-content\/uploads\/2024\/02\/11_T_3B_2010-Stoicescu-Gheorghitoiu-Stoianovici.pdf\">11_T_3B_2010 Stoicescu Gheorghitoiu Stoianovici<\/a><\/p>\r\n<p><a href=\"http:\/\/jpgt.upg-ploiesti.ro\/wp-content\/uploads\/2024\/02\/12_T_3B_2010-Dinu-Batistatu.pdf\">12_T_3B_2010 Dinu Batistatu<\/a><\/p>\r\n<p><a href=\"http:\/\/jpgt.upg-ploiesti.ro\/wp-content\/uploads\/2024\/02\/13_T_3B_2010-Marcu-GM.pdf\">13_T_3B_2010 Marcu GM<\/a><\/p>\r\n<p><a href=\"http:\/\/jpgt.upg-ploiesti.ro\/wp-content\/uploads\/2024\/02\/14_T_3B_2010-Milu-Mirela.pdf\">14_T_3B_2010 Milu Mirela<\/a><\/p>\r\n<p><a href=\"http:\/\/jpgt.upg-ploiesti.ro\/wp-content\/uploads\/2024\/02\/15_T_3B_2010-Mitroi-Stanimir-Popescu.pdf\">15_T_3B_2010 Mitroi Stanimir Popescu<\/a><\/p>\r\n<p><a href=\"http:\/\/jpgt.upg-ploiesti.ro\/wp-content\/uploads\/2024\/02\/16_T_3B_2010-Puscasu-Matache-COMOTI.pdf\">16_T_3B_2010 Puscasu Matache COMOTI<\/a><\/p>\r\n<p><a href=\"http:\/\/jpgt.upg-ploiesti.ro\/wp-content\/uploads\/2024\/02\/17_T_3B_2010-Stefanescu-Adam-COMOTI.pdf\">17_T_3B_2010 Stefanescu Adam COMOTI<\/a><\/p>\r\n<p><a href=\"http:\/\/jpgt.upg-ploiesti.ro\/wp-content\/uploads\/2024\/02\/18_T_3B_2010-Eparu-Neacsu-Radulescu.pdf\">18_T_3B_2010 Eparu Neacsu Radulescu<\/a><\/p>\r\n<p><a href=\"http:\/\/jpgt.upg-ploiesti.ro\/wp-content\/uploads\/2024\/02\/19_T_3B_2010-Adam-Masiliev-COMOTI.pdf\">19_T_3B_2010 Adam Masiliev COMOTI<\/a><\/p>\r\n<p><a href=\"http:\/\/jpgt.upg-ploiesti.ro\/wp-content\/uploads\/2024\/02\/20_T_3B_2010-Stoicescu-Stoianovici.pdf\">20_T_3B_2010 Stoicescu Stoianovici<\/a><\/p>\r\n<p><a href=\"http:\/\/jpgt.upg-ploiesti.ro\/wp-content\/uploads\/2024\/02\/21_T_3B_2010-Ionescu-Patarlageanu-Suditu.pdf\">21_T_3B_2010 Ionescu Patarlageanu Suditu<\/a><\/p>\r\n<p><a href=\"http:\/\/jpgt.upg-ploiesti.ro\/wp-content\/uploads\/2024\/02\/22_T_3B_2010-Patarlageanu-Ionescu-Suditu.pdf\">22_T_3B_2010 Patarlageanu Ionescu Suditu<\/a><\/p>\r\n<p><a href=\"http:\/\/jpgt.upg-ploiesti.ro\/wp-content\/uploads\/2024\/02\/23_T_3B_2010-Cristescu-Ciobanu.pdf\">23_T_3B_2010 Cristescu Ciobanu<\/a><\/p>\r\n<p><a href=\"http:\/\/jpgt.upg-ploiesti.ro\/wp-content\/uploads\/2024\/02\/24_T_3B_2010-Trifan-Negulescu.pdf\">24_T_3B_2010 Trifan Negulescu<\/a><\/p>\r\n<p><a href=\"http:\/\/jpgt.upg-ploiesti.ro\/wp-content\/uploads\/2024\/02\/25_T_3B_2010-Neacsu-Rusu-Cirdei.pdf\">25_T_3B_2010 Neacsu Rusu Cirdei<\/a><\/p>\r\n<p><a href=\"http:\/\/jpgt.upg-ploiesti.ro\/wp-content\/uploads\/2024\/02\/26_T_3B_2010-Eparu-Albulescu-Radulescu.pdf\">26_T_3B_2010 Eparu Albulescu Radulescu<\/a><\/p>\r\n<p><a href=\"http:\/\/jpgt.upg-ploiesti.ro\/wp-content\/uploads\/2024\/02\/27_T_3B_2010-Popa-Cojan.pdf\">27_T_3B_2010 Popa Cojan<\/a><\/p>\r\n<p><a href=\"http:\/\/jpgt.upg-ploiesti.ro\/wp-content\/uploads\/2024\/02\/28_T_3B_2010-Grigoras-Nicolescu-Ionescu.pdf\">28_T_3B_2010 Grigoras Nicolescu Ionescu<\/a><\/p>\r\n<p><a href=\"http:\/\/jpgt.upg-ploiesti.ro\/wp-content\/uploads\/2024\/02\/29_T_3B_2010-Batistatu-Malureanu.pdf\">29_T_3B_2010 Batistatu Malureanu<\/a><\/p>\r\n<p><a href=\"http:\/\/jpgt.upg-ploiesti.ro\/wp-content\/uploads\/2024\/02\/30_T_3B_2010-Branoiu-Georgescu-Frunzescu.pdf\">30_T_3B_2010 Branoiu Georgescu Frunzescu<\/a><\/p>\r\n<p><a href=\"http:\/\/jpgt.upg-ploiesti.ro\/wp-content\/uploads\/2024\/02\/31_T_3B_2010-Batistatu-Dinu.pdf\">31_T_3B_2010 Batistatu Dinu<\/a><\/p>\r\n<p><a href=\"http:\/\/jpgt.upg-ploiesti.ro\/wp-content\/uploads\/2024\/02\/32_T_3B_2010-Frunzescu-Georgescu.pdf\">32_T_3B_2010 Frunzescu Georgescu<\/a><\/p>\r\n<p><a href=\"http:\/\/jpgt.upg-ploiesti.ro\/wp-content\/uploads\/2024\/02\/33_T_3B_2010-Vasiliu-Viorel.pdf\">33_T_3B_2010 Vasiliu Viorel<\/a><\/p>\r\n<p class=\"wp-block-file\"><a id=\"wp-block-file--media-640a2f47-739c-4554-975b-643484785a77\" href=\"http:\/\/jpgt.upg-ploiesti.ro\/wp-content\/uploads\/2022\/11\/8-Cehlarov-et-al.pdf\">34_Mineralogical-Petrographical Details on the Clastes of Rudites from Olistolithes Conglomerates Within Badenian Salt Breccia from B\u0103dila (Buz\u0103u Valley) &#8211; Aura Cehlarov, Dumitru Frunzescu, Gheorghe Br\u0103noiu<\/a><\/p>\r\n<p><a href=\"http:\/\/jpgt.upg-ploiesti.ro\/wp-content\/uploads\/2024\/02\/35_T_3B_2010-Vasiliu-viorel.pdf\">35_T_3B_2010 Vasiliu Viorel<\/a><\/p>\r\n<p><a href=\"http:\/\/jpgt.upg-ploiesti.ro\/wp-content\/uploads\/2024\/02\/36_T_3B_2010-Branoiu-Ciocardel-Georgescu.pdf\">36_T_3B_2010 Branoiu Ciocardel Georgescu<\/a><\/p>\r\n<p><\/p>","protected":false},"excerpt":{"rendered":"","protected":false},"author":1,"featured_media":0,"parent":0,"menu_order":0,"comment_status":"closed","ping_status":"closed","template":"","meta":{"footnotes":""},"class_list":["post-96","page","type-page","status-publish","hentry"],"_links":{"self":[{"href":"http:\/\/jpgt.upg-ploiesti.ro\/index.php?rest_route=\/wp\/v2\/pages\/96","targetHints":{"allow":["GET"]}}],"collection":[{"href":"http:\/\/jpgt.upg-ploiesti.ro\/index.php?rest_route=\/wp\/v2\/pages"}],"about":[{"href":"http:\/\/jpgt.upg-ploiesti.ro\/index.php?rest_route=\/wp\/v2\/types\/page"}],"author":[{"embeddable":true,"href":"http:\/\/jpgt.upg-ploiesti.ro\/index.php?rest_route=\/wp\/v2\/users\/1"}],"replies":[{"embeddable":true,"href":"http:\/\/jpgt.upg-ploiesti.ro\/index.php?rest_route=%2Fwp%2Fv2%2Fcomments&post=96"}],"version-history":[{"count":7,"href":"http:\/\/jpgt.upg-ploiesti.ro\/index.php?rest_route=\/wp\/v2\/pages\/96\/revisions"}],"predecessor-version":[{"id":2026,"href":"http:\/\/jpgt.upg-ploiesti.ro\/index.php?rest_route=\/wp\/v2\/pages\/96\/revisions\/2026"}],"wp:attachment":[{"href":"http:\/\/jpgt.upg-ploiesti.ro\/index.php?rest_route=%2Fwp%2Fv2%2Fmedia&parent=96"}],"curies":[{"name":"wp","href":"https:\/\/api.w.org\/{rel}","templated":true}]}}