{"id":98,"date":"2020-06-09T19:28:23","date_gmt":"2020-06-09T16:28:23","guid":{"rendered":"http:\/\/jpgt.upg-ploiesti.ro\/?page_id=98"},"modified":"2024-02-18T13:47:57","modified_gmt":"2024-02-18T11:47:57","slug":"no-4a-2010","status":"publish","type":"page","link":"http:\/\/jpgt.upg-ploiesti.ro\/?page_id=98","title":{"rendered":"No. 4A\/2008"},"content":{"rendered":"\r\n<div><a href=\"http:\/\/jpgt.upg-ploiesti.ro\/wp-content\/uploads\/2024\/02\/1-Banu.pdf\">1 Banu<\/a><\/div>\r\n<div><a href=\"http:\/\/jpgt.upg-ploiesti.ro\/wp-content\/uploads\/2024\/02\/2-Trasca.pdf\">2 Trasca<\/a><\/div>\r\n<div><a href=\"http:\/\/jpgt.upg-ploiesti.ro\/wp-content\/uploads\/2024\/02\/3-Popescu.pdf\">3 Popescu<\/a><\/div>\r\n<div><a href=\"http:\/\/jpgt.upg-ploiesti.ro\/wp-content\/uploads\/2024\/02\/4-Barac.pdf\">4 Barac<\/a><\/div>\r\n<div><a href=\"http:\/\/jpgt.upg-ploiesti.ro\/wp-content\/uploads\/2024\/02\/5-Barac.pdf\">5 Barac<\/a><\/div>\r\n<div><a href=\"http:\/\/jpgt.upg-ploiesti.ro\/wp-content\/uploads\/2024\/02\/6-Banu.pdf\">6 Banu<\/a><\/div>\r\n<div><a href=\"http:\/\/jpgt.upg-ploiesti.ro\/wp-content\/uploads\/2024\/02\/7-Nicolescu.pdf\">7 Nicolescu<\/a><\/div>\r\n<div><a href=\"http:\/\/jpgt.upg-ploiesti.ro\/wp-content\/uploads\/2024\/02\/8-Gheorghitoiu.pdf\">8 Gheorghitoiu<\/a><\/div>\r\n<div><a href=\"http:\/\/jpgt.upg-ploiesti.ro\/wp-content\/uploads\/2024\/02\/9-Gheorghitoiu.pdf\">9 Gheorghitoiu<\/a><\/div>\r\n<div><a href=\"http:\/\/jpgt.upg-ploiesti.ro\/wp-content\/uploads\/2024\/02\/10-Marcu.pdf\">10 Marcu<\/a><\/div>\r\n<div><a href=\"http:\/\/jpgt.upg-ploiesti.ro\/wp-content\/uploads\/2024\/02\/11-Manearev.pdf\">11 Manearev<\/a><\/div>\r\n<div><a href=\"http:\/\/jpgt.upg-ploiesti.ro\/wp-content\/uploads\/2024\/02\/12-Marcu.pdf\">12 Marcu<\/a><\/div>\r\n<div><a href=\"http:\/\/jpgt.upg-ploiesti.ro\/wp-content\/uploads\/2024\/02\/13-Pupezescu.pdf\">13 Pupezescu<\/a><\/div>\r\n<div><a href=\"http:\/\/jpgt.upg-ploiesti.ro\/wp-content\/uploads\/2024\/02\/14-Pupezescu.pdf\">14 Pupezescu<\/a><\/div>\r\n<div><a href=\"http:\/\/jpgt.upg-ploiesti.ro\/wp-content\/uploads\/2024\/02\/15-Neacsu.pdf\">15 Neacsu<\/a><\/div>\r\n<div><a href=\"http:\/\/jpgt.upg-ploiesti.ro\/wp-content\/uploads\/2024\/02\/16-Suditu.pdf\">16 Suditu<\/a><\/div>\r\n<div><a href=\"http:\/\/jpgt.upg-ploiesti.ro\/wp-content\/uploads\/2024\/02\/17-Neacsu.pdf\">17 Neacsu<\/a><\/div>\r\n<div><a href=\"http:\/\/jpgt.upg-ploiesti.ro\/wp-content\/uploads\/2024\/02\/18-Trifan.pdf\">18 Trifan<\/a><\/div>\r\n<div><a href=\"http:\/\/jpgt.upg-ploiesti.ro\/wp-content\/uploads\/2024\/02\/19-Trifan.pdf\">19 Trifan<\/a><\/div>\r\n<div><a href=\"http:\/\/jpgt.upg-ploiesti.ro\/wp-content\/uploads\/2024\/02\/20-Vasile.pdf\">20 Vasile<\/a><\/div>\r\n<div><a href=\"http:\/\/jpgt.upg-ploiesti.ro\/wp-content\/uploads\/2024\/02\/21-Cristescu.pdf\">21 Cristescu<\/a><\/div>\r\n<div><a href=\"http:\/\/jpgt.upg-ploiesti.ro\/wp-content\/uploads\/2024\/02\/22-Eparu.pdf\">22 Eparu<\/a><\/div>\r\n<div><a href=\"http:\/\/jpgt.upg-ploiesti.ro\/wp-content\/uploads\/2024\/02\/23-Stoianovici.pdf\">23 Stoianovici<\/a><\/div>\r\n<div><a href=\"http:\/\/jpgt.upg-ploiesti.ro\/wp-content\/uploads\/2024\/02\/24-Negirla.pdf\">24 Negirla<\/a><\/div>\r\n<div><a href=\"http:\/\/jpgt.upg-ploiesti.ro\/wp-content\/uploads\/2024\/02\/25-Chiurtu.pdf\">25 Chiurtu<\/a><\/div>\r\n<div><a href=\"http:\/\/jpgt.upg-ploiesti.ro\/wp-content\/uploads\/2024\/02\/26-Malureanurev.pdf\">26 Malureanurev<\/a><\/div>\r\n<div><a href=\"http:\/\/jpgt.upg-ploiesti.ro\/wp-content\/uploads\/2024\/02\/27-Batistatu.pdf\">27 Batistatu<\/a><\/div>\r\n<div><a href=\"http:\/\/jpgt.upg-ploiesti.ro\/wp-content\/uploads\/2024\/02\/28-Ionescurev.pdf\">28 Ionescurev<\/a><\/div>\r\n<div><a href=\"http:\/\/jpgt.upg-ploiesti.ro\/wp-content\/uploads\/2024\/02\/29-Vasiliurev.pdf\">29 Vasiliurev<\/a><\/div>\r\n<div><a href=\"http:\/\/jpgt.upg-ploiesti.ro\/wp-content\/uploads\/2024\/02\/30-Batistaturev.pdf\">30 Batistaturev<\/a><\/div>\r\n<div class=\"wp-block-file\"><a id=\"wp-block-file--media-56082989-3b7e-4c98-9393-8309a0841884\" href=\"http:\/\/jpgt.upg-ploiesti.ro\/wp-content\/uploads\/2022\/11\/6-Georgescu.pdf\">31_Geotechnical Investigations on the Landslide Which Affected Gases Well 2 Prod (Transylvanian Basin) &#8211; Octavian Georgescu, Dumitru Frunzescu, Gheorghe Br\u0103noiu<\/a><\/div>\r\n<div><a href=\"http:\/\/jpgt.upg-ploiesti.ro\/wp-content\/uploads\/2024\/02\/32-Neagurev.pdf\">32 Neagurev<\/a><\/div>\r\n<div><a href=\"http:\/\/jpgt.upg-ploiesti.ro\/wp-content\/uploads\/2024\/02\/33-Ionescurev.pdf\">33 Ionescurev<\/a><\/div>\r\n<div><a href=\"http:\/\/jpgt.upg-ploiesti.ro\/wp-content\/uploads\/2024\/02\/34-Malureanurev.pdf\">34 Malureanurev<\/a><\/div>\r\n<div><a href=\"http:\/\/jpgt.upg-ploiesti.ro\/wp-content\/uploads\/2024\/02\/35-Vasiliu.pdf\">35 Vasiliu<\/a><\/div>\r\n\r\n\r\n\r\n<div class=\"wp-block-file\"><a id=\"wp-block-file--media-6b8a4f64-d1c9-4098-afe1-769af316f95a\" href=\"http:\/\/jpgt.upg-ploiesti.ro\/wp-content\/uploads\/2022\/11\/11-Ciocirdel.pdf\">36_Mineralogical-petrographical observations on metamorphic transformations in the gabbroids from transitional zone of the Iu\u0163i-Ti\u015fovi\u0163a-Plavi\u015fevi\u0163a ophiolitic complex &#8211; Mihai Cioc\u00eerdel, Gheorghe Br\u0103noiu<\/a><\/div>\r\n","protected":false},"excerpt":{"rendered":"","protected":false},"author":1,"featured_media":0,"parent":0,"menu_order":0,"comment_status":"closed","ping_status":"closed","template":"","meta":{"footnotes":""},"class_list":["post-98","page","type-page","status-publish","hentry"],"_links":{"self":[{"href":"http:\/\/jpgt.upg-ploiesti.ro\/index.php?rest_route=\/wp\/v2\/pages\/98","targetHints":{"allow":["GET"]}}],"collection":[{"href":"http:\/\/jpgt.upg-ploiesti.ro\/index.php?rest_route=\/wp\/v2\/pages"}],"about":[{"href":"http:\/\/jpgt.upg-ploiesti.ro\/index.php?rest_route=\/wp\/v2\/types\/page"}],"author":[{"embeddable":true,"href":"http:\/\/jpgt.upg-ploiesti.ro\/index.php?rest_route=\/wp\/v2\/users\/1"}],"replies":[{"embeddable":true,"href":"http:\/\/jpgt.upg-ploiesti.ro\/index.php?rest_route=%2Fwp%2Fv2%2Fcomments&post=98"}],"version-history":[{"count":6,"href":"http:\/\/jpgt.upg-ploiesti.ro\/index.php?rest_route=\/wp\/v2\/pages\/98\/revisions"}],"predecessor-version":[{"id":1740,"href":"http:\/\/jpgt.upg-ploiesti.ro\/index.php?rest_route=\/wp\/v2\/pages\/98\/revisions\/1740"}],"wp:attachment":[{"href":"http:\/\/jpgt.upg-ploiesti.ro\/index.php?rest_route=%2Fwp%2Fv2%2Fmedia&parent=98"}],"curies":[{"name":"wp","href":"https:\/\/api.w.org\/{rel}","templated":true}]}}